{"id":112955,"date":"2022-04-25T09:06:47","date_gmt":"2022-04-25T07:06:47","guid":{"rendered":"https:\/\/undsgn.com\/uncode\/?post_type=product&amp;p=112955"},"modified":"2026-01-16T18:05:18","modified_gmt":"2026-01-16T18:05:18","slug":"oversize-sweatshirt","status":"publish","type":"product","link":"https:\/\/exalumnasensenanza.co\/es_es\/producto\/oversize-sweatshirt\/","title":{"rendered":"Oversize Sweatshirt"},"content":{"rendered":"<div class=\"wpb-content-wrapper\"><div data-parent=\"true\" class=\"vc_row row-container\" id=\"row-unique-0\"><div class=\"row triple-top-padding triple-bottom-padding quad-h-padding full-width row-parent\"><div class=\"wpb_row row-inner\"><div class=\"wpb_column pos-top pos-center align_left column_parent col-lg-12 single-internal-gutter\"><div class=\"uncol style-light\"  ><div class=\"uncoltable\"><div class=\"uncell no-block-padding\" ><div class=\"uncont\" ><div class=\"vc_row row-internal row-container\"><div class=\"row row-child\"><div class=\"wpb_row row-inner\"><div class=\"wpb_column pos-top pos-center align_center column_child col-lg-12 half-internal-gutter\"><div class=\"uncol style-light\" ><div class=\"uncoltable\"><div class=\"uncell no-block-padding\" ><div class=\"uncont\" style=\" max-width:660px;\" ><div class=\"vc_custom_heading_wrap\"><div class=\"heading-text el-text\" ><h3 class=\"h1\" ><span>Everyday essentials<\/span><\/h3><\/div><div class=\"clear\"><\/div><\/div><div class=\"uncode_text_column text-lead\" ><p>Designed to come down to the hips, this oversize version of a beloved fleece garment features elongated shoulders and wide for a relaxed, carefree fit.<\/p>\n<\/div><\/div><\/div><\/div><\/div><\/div><\/div><\/div><\/div><div class=\"uncode-single-media  text-left\"><div class=\"single-wrapper\" style=\"max-width: 100%;\"><div class=\"tmb tmb-light  tmb-img-ratio tmb-media-first tmb-media-last tmb-content-overlay tmb-no-bg\"><div class=\"t-inside\"><div class=\"t-entry-visual\"><div class=\"t-entry-visual-tc\"><div class=\"uncode-single-media-wrapper\"><div class=\"dummy\" style=\"padding-top: 56.2%;\"><\/div><img data-opt-id=1823410750  fetchpriority=\"high\" decoding=\"async\" class=\"wp-image-18912\" src=\"https:\/\/mlzbo0w8r27k.i.optimole.com\/w:1030\/h:579\/q:mauto\/rt:fill\/g:ce\/f:best\/https:\/\/exalumnasensenanza.co\/wp-content\/uploads\/2026\/01\/product-placeholder-1-uai-1030x579.jpg\" width=\"1030\" height=\"579\" alt=\"\"><\/div>\n\t\t\t\t\t<\/div>\n\t\t\t\t<\/div><\/div><\/div><\/div><\/div><\/div><\/div><\/div><\/div><\/div><script id=\"script-row-unique-0\" data-row=\"script-row-unique-0\" type=\"text\/javascript\" class=\"vc_controls\">UNCODE.initRow(document.getElementById(\"row-unique-0\"));<\/script><\/div><\/div><\/div><div data-parent=\"true\" class=\"vc_row row-container\" id=\"row-unique-1\"><div class=\"row col-double-gutter no-top-padding no-bottom-padding single-h-padding limit-width row-parent\"><div class=\"wpb_row row-inner\"><div class=\"wpb_column pos-top pos-center align_left column_parent col-lg-4 col-md-33 half-internal-gutter\"><div class=\"uncol style-light\"  ><div class=\"uncoltable\"><div class=\"uncell no-block-padding\" ><div class=\"uncont\" ><div class=\"vc_custom_heading_wrap\"><div class=\"heading-text el-text\" ><h3 class=\"h4\" ><span>Specifications<\/span><\/h3><\/div><div class=\"clear\"><\/div><\/div><div class=\"uncode_text_column\" ><p>Its compact design size makes it ideal for travel or the perfect body for everyday carry, the classic aluminum body gives it a tactile feel, proprietary low-velocity port design minimizes distortion.<\/p>\n<\/div><div class=\"empty-space empty-half\" ><span class=\"empty-space-inner\"><\/span><\/div>\n<div class=\"vc_custom_heading_wrap\"><div class=\"heading-text el-text\" ><h3 class=\"h4\" ><span>Vestibility<\/span><\/h3><\/div><div class=\"clear\"><\/div><\/div><div class=\"uncode_text_column\" ><p>Proprietary low-velocity port design minimizes distortion and rounds out low-end frequencies. In assortment for decades and is still very popular. You can choose one of our combinations.<\/p>\n<\/div><\/div><\/div><\/div><\/div><\/div><div class=\"wpb_column pos-top pos-center align_left column_parent col-lg-4 col-md-33 half-internal-gutter\"><div class=\"uncol style-light\"  ><div class=\"uncoltable\"><div class=\"uncell no-block-padding\" ><div class=\"uncont\" ><div class=\"vc_custom_heading_wrap\"><div class=\"heading-text el-text\" ><h3 class=\"h4\" ><span>Materials<\/span><\/h3><\/div><div class=\"clear\"><\/div><\/div><div class=\"uncode_text_column\" ><p>Short sleeve crewneck in white in a professional context it often happens that private or corporate clients a publication to be made and presented with the actual content still not being ready.<\/p>\n<\/div><div class=\"empty-space empty-half\" ><span class=\"empty-space-inner\"><\/span><\/div>\n<div class=\"vc_custom_heading_wrap\"><div class=\"heading-text el-text\" ><h3 class=\"h4\" ><span>Treatments<\/span><\/h3><\/div><div class=\"clear\"><\/div><\/div><div class=\"uncode_text_column\" ><p>Think of a news blog that\u2019s filled with content hourly on the day of going live. Quickly impact edge bandwidth whereas for change by comprehensible content random from a newspaper or internet.<\/p>\n<\/div><\/div><\/div><\/div><\/div><\/div><div class=\"wpb_column pos-top pos-center align_left column_parent col-lg-4 col-md-33 half-internal-gutter\"><div class=\"uncol style-light\"  ><div class=\"uncoltable\"><div class=\"uncell no-block-padding\" ><div class=\"uncont\" ><div class=\"vc_custom_heading_wrap\"><div class=\"heading-text el-text\" ><h3 class=\"h4\" ><span>Maintenance<\/span><\/h3><\/div><div class=\"clear\"><\/div><\/div><div class=\"uncode_text_column\" ><p>Wash inside out 40\u00b0C for change short sleeve crewneck in white in a professional context it often happens presented that private or corporate clients a publication everyday to be made.<\/p>\n<\/div><div class=\"empty-space empty-half\" ><span class=\"empty-space-inner\"><\/span><\/div>\n<div class=\"vc_custom_heading_wrap\"><div class=\"heading-text el-text\" ><h3 class=\"h4\" ><span>Sustainability<\/span><\/h3><\/div><div class=\"clear\"><\/div><\/div><div class=\"uncode_text_column\" ><p>This software measures the acoustics of the room then fine-tunes the soundbar. Supported iOS device required. Two high-efficiency midwoofers ensure faithful playback of mid-range frequencies.<\/p>\n<\/div><\/div><\/div><\/div><\/div><\/div><script id=\"script-row-unique-1\" data-row=\"script-row-unique-1\" type=\"text\/javascript\" class=\"vc_controls\">UNCODE.initRow(document.getElementById(\"row-unique-1\"));<\/script><\/div><\/div><\/div><div data-parent=\"true\" class=\"vc_row row-container\" id=\"row-unique-2\"><div class=\"row col-double-gutter triple-top-padding triple-bottom-padding quad-h-padding full-width row-parent\"><div class=\"wpb_row row-inner\"><div class=\"wpb_column pos-top pos-center align_left column_parent col-lg-7 single-internal-gutter\"><div class=\"uncol style-light\"  ><div class=\"uncoltable\"><div class=\"uncell no-block-padding\" ><div class=\"uncont\" ><div class=\"uncode-single-media  text-left\"><div class=\"single-wrapper\" style=\"max-width: 100%;\"><div class=\"tmb tmb-light  tmb-img-ratio tmb-media-first tmb-media-last tmb-content-overlay tmb-no-bg\"><div class=\"t-inside\"><div class=\"t-entry-visual\"><div class=\"t-entry-visual-tc\"><div class=\"uncode-single-media-wrapper\"><div class=\"dummy\" style=\"padding-top: 75%;\"><\/div><img data-opt-id=2064863308  fetchpriority=\"high\" decoding=\"async\" class=\"wp-image-18912\" src=\"https:\/\/mlzbo0w8r27k.i.optimole.com\/w:1030\/h:772\/q:mauto\/f:best\/https:\/\/exalumnasensenanza.co\/wp-content\/uploads\/2026\/01\/product-placeholder-1-uai-1030x772.jpg\" width=\"1030\" height=\"772\" alt=\"\"><\/div>\n\t\t\t\t\t<\/div>\n\t\t\t\t<\/div><\/div><\/div><\/div><\/div><\/div><\/div><\/div><\/div><\/div><div class=\"wpb_column pos-middle pos-center align_left column_parent col-lg-5 single-internal-gutter\"><div class=\"uncol style-light\"  ><div class=\"uncoltable\"><div class=\"uncell no-block-padding\" ><div class=\"uncont\" ><div class=\"vc_custom_heading_wrap\"><div class=\"heading-text el-text\" ><h3 class=\"h1\" ><span>Heavy fleece with brushed reverse provides an incredibly soft feel.<\/span><\/h3><\/div><div class=\"clear\"><\/div><\/div><div class=\"uncode_text_column text-lead\" ><p>Short sleeve crewneck t-shirt in white in a professional context it often happens that private or corporate clients corder a publication to be made and presented with the actual content still not being ready.<\/p>\n<\/div><div class=\"vc_row row-internal row-container\"><div class=\"row row-child\"><div class=\"wpb_row row-inner\"><div class=\"wpb_column pos-top pos-center align_left column_child col-lg-6 col-md-50 single-internal-gutter\"><div class=\"uncol style-light\" ><div class=\"uncoltable\"><div class=\"uncell no-block-padding\" ><div class=\"uncont\" ><div class=\"vc_custom_heading_wrap\"><div class=\"heading-text el-text\" ><h3 class=\"h4\" ><span>Comfort<\/span><\/h3><div><p>Think of a news blog that\u2019s filled with content hourly on the day of going live, however, reviewers trends.<\/p>\n<\/div><\/div><div class=\"clear\"><\/div><\/div><\/div><\/div><\/div><\/div><\/div><div class=\"wpb_column pos-top pos-center align_left column_child col-lg-6 col-md-50 single-internal-gutter\"><div class=\"uncol style-light\" ><div class=\"uncoltable\"><div class=\"uncell no-block-padding\" ><div class=\"uncont\" ><div class=\"vc_custom_heading_wrap\"><div class=\"heading-text el-text\" ><h3 class=\"h4\" ><span>Warmth<\/span><\/h3><div><p>Tend to be distracted by comprehensible content, say, a random text copied from a newspaper or the internet.<\/p>\n<\/div><\/div><div class=\"clear\"><\/div><\/div><\/div><\/div><\/div><\/div><\/div><\/div><\/div><\/div><\/div><\/div><\/div><\/div><\/div><script id=\"script-row-unique-2\" data-row=\"script-row-unique-2\" type=\"text\/javascript\" class=\"vc_controls\">UNCODE.initRow(document.getElementById(\"row-unique-2\"));<\/script><\/div><\/div><\/div><div data-parent=\"true\" class=\"vc_row inverted-device-order row-container\" id=\"row-unique-3\"><div class=\"row unequal col-double-gutter no-top-padding single-bottom-padding single-h-padding limit-width row-parent\"><div class=\"wpb_row row-inner\"><div class=\"wpb_column pos-middle pos-center align_left column_parent col-lg-5 single-internal-gutter\"><div class=\"uncol style-light\"  ><div class=\"uncoltable\"><div class=\"uncell no-block-padding\" ><div class=\"uncont\" ><div class=\"vc_custom_heading_wrap\"><div class=\"heading-text el-text\" ><h3 class=\"h1\" ><span>The oversize version for a relaxed, carefree fit.<\/span><\/h3><\/div><div class=\"clear\"><\/div><\/div><div class=\"uncode_text_column text-lead\" ><p>The are likely to focus on the look, disregarding the layout and its elements. Besides, random text risks to be unintendedly humorous or offensive, an unacceptable risk in corporate environments.<\/p>\n<\/div><div class=\"vc_row row-internal row-container\"><div class=\"row row-child\"><div class=\"wpb_row row-inner\"><div class=\"wpb_column pos-top pos-center align_left column_child col-lg-6 col-md-50 single-internal-gutter\"><div class=\"uncol style-light\" ><div class=\"uncoltable\"><div class=\"uncell no-block-padding\" ><div class=\"uncont\" ><div class=\"vc_custom_heading_wrap\"><div class=\"heading-text el-text\" ><h3 class=\"h4\" ><span>Recycled<\/span><\/h3><div><p>Short sleeve crewneck t-shirt in white in a professional context it often happens that private or corporate clients corder.<\/p>\n<\/div><\/div><div class=\"clear\"><\/div><\/div><\/div><\/div><\/div><\/div><\/div><div class=\"wpb_column pos-top pos-center align_left column_child col-lg-6 col-md-50 single-internal-gutter\"><div class=\"uncol style-light\" ><div class=\"uncoltable\"><div class=\"uncell no-block-padding\" ><div class=\"uncont\" ><div class=\"vc_custom_heading_wrap\"><div class=\"heading-text el-text\" ><h3 class=\"h4\" ><span>Street Classic<\/span><\/h3><div><p>Made and presented with the actual content still not being ready think of a news blog that\u2019s filled with live.<\/p>\n<\/div><\/div><div class=\"clear\"><\/div><\/div><\/div><\/div><\/div><\/div><\/div><\/div><\/div><\/div><\/div><\/div><\/div><\/div><\/div><div class=\"wpb_column pos-top pos-center align_left column_parent col-lg-7 single-internal-gutter\"><div class=\"uncol style-light\"  ><div class=\"uncoltable\"><div class=\"uncell no-block-padding\" ><div class=\"uncont\" ><div class=\"uncode-single-media  text-left\"><div class=\"single-wrapper\" style=\"max-width: 100%;\"><div class=\"tmb tmb-light  tmb-img-ratio tmb-media-first tmb-media-last tmb-content-overlay tmb-no-bg\"><div class=\"t-inside\"><div class=\"t-entry-visual\"><div class=\"t-entry-visual-tc\"><div class=\"uncode-single-media-wrapper\"><div class=\"dummy\" style=\"padding-top: 100%;\"><\/div><img data-opt-id=495564352  data-opt-src=\"https:\/\/mlzbo0w8r27k.i.optimole.com\/w:1030\/h:1030\/q:mauto\/f:best\/https:\/\/exalumnasensenanza.co\/wp-content\/uploads\/2026\/01\/product-placeholder-3-uai-1030x1030.jpg\"  decoding=\"async\" class=\"wp-image-18918\" src=\"data:image/svg+xml,%3Csvg%20viewBox%3D%220%200%201030%201030%22%20width%3D%221030%22%20height%3D%221030%22%20xmlns%3D%22http%3A%2F%2Fwww.w3.org%2F2000%2Fsvg%22%3E%3Crect%20width%3D%221030%22%20height%3D%221030%22%20fill%3D%22transparent%22%2F%3E%3C%2Fsvg%3E\" width=\"1030\" height=\"1030\" alt=\"\"><\/div>\n\t\t\t\t\t<\/div>\n\t\t\t\t<\/div><\/div><\/div><\/div><\/div><\/div><\/div><\/div><\/div><\/div><script id=\"script-row-unique-3\" data-row=\"script-row-unique-3\" type=\"text\/javascript\" class=\"vc_controls\">UNCODE.initRow(document.getElementById(\"row-unique-3\"));<\/script><\/div><\/div><\/div>\n<\/div>","protected":false},"excerpt":{"rendered":"<p>Quickly impact bleeding-edge bandwidth whereas covalent catalysts for change. Tonal stitching. 98% cotton, 2% elastane. Made in Italy.<\/p>","protected":false},"featured_media":0,"comment_status":"open","ping_status":"closed","template":"","meta":{"_joinchat":[]},"product_brand":[],"product_cat":[65],"product_tag":[],"class_list":{"0":"post-112955","1":"product","2":"type-product","3":"status-publish","5":"product_cat-sweatshirts","7":"first","8":"outofstock","9":"shipping-taxable","10":"purchasable","11":"product-type-variable","12":"has-default-attributes","13":"woocommerce-product-gallery--with-variation-gallery product-gallery-placeholder"},"yoast_head":"<!-- This site is optimized with the Yoast SEO plugin v27.3 - https:\/\/yoast.com\/product\/yoast-seo-wordpress\/ -->\n<title>Oversize Sweatshirt - Asociaci\u00f3n de Exalumnas La Ense\u00f1anza<\/title>\n<meta name=\"robots\" content=\"index, follow, max-snippet:-1, max-image-preview:large, max-video-preview:-1\" \/>\n<link rel=\"canonical\" href=\"https:\/\/exalumnasensenanza.co\/es_es\/producto\/oversize-sweatshirt\/\" \/>\n<meta property=\"og:locale\" content=\"es_ES\" \/>\n<meta property=\"og:type\" content=\"article\" \/>\n<meta property=\"og:title\" content=\"Oversize Sweatshirt - Asociaci\u00f3n de Exalumnas La Ense\u00f1anza\" \/>\n<meta property=\"og:description\" content=\"Quickly impact bleeding-edge bandwidth whereas covalent catalysts for change. Tonal stitching. 98% cotton, 2% elastane. Made in Italy.\" \/>\n<meta property=\"og:url\" content=\"https:\/\/exalumnasensenanza.co\/es_es\/producto\/oversize-sweatshirt\/\" \/>\n<meta property=\"og:site_name\" content=\"Asociaci\u00f3n de Exalumnas La Ense\u00f1anza\" \/>\n<meta property=\"article:publisher\" content=\"https:\/\/www.facebook.com\/exalumnaslaensenanza\" \/>\n<meta property=\"article:modified_time\" content=\"2026-01-16T18:05:18+00:00\" \/>\n<meta property=\"og:image\" content=\"https:\/\/mlzbo0w8r27k.i.optimole.com\/w:auto\/h:auto\/q:mauto\/f:best\/https:\/\/exalumnasensenanza.co\/wp-content\/uploads\/2025\/11\/product-placeholder-2.jpg\" \/>\n\t<meta property=\"og:image:width\" content=\"1030\" \/>\n\t<meta property=\"og:image:height\" content=\"1290\" \/>\n\t<meta property=\"og:image:type\" content=\"image\/jpeg\" \/>\n<meta name=\"twitter:card\" content=\"summary_large_image\" \/>\n<meta name=\"twitter:label1\" content=\"Tiempo de lectura\" \/>\n\t<meta name=\"twitter:data1\" content=\"6 minutos\" \/>\n<script type=\"application\/ld+json\" class=\"yoast-schema-graph\">{\"@context\":\"https:\\\/\\\/schema.org\",\"@graph\":[{\"@type\":\"WebPage\",\"@id\":\"https:\\\/\\\/exalumnasensenanza.co\\\/producto\\\/oversize-sweatshirt\\\/\",\"url\":\"https:\\\/\\\/exalumnasensenanza.co\\\/producto\\\/oversize-sweatshirt\\\/\",\"name\":\"Oversize Sweatshirt - Asociaci\u00f3n de Exalumnas La Ense\u00f1anza\",\"isPartOf\":{\"@id\":\"https:\\\/\\\/exalumnasensenanza.co\\\/#website\"},\"datePublished\":\"2022-04-25T07:06:47+00:00\",\"dateModified\":\"2026-01-16T18:05:18+00:00\",\"breadcrumb\":{\"@id\":\"https:\\\/\\\/exalumnasensenanza.co\\\/producto\\\/oversize-sweatshirt\\\/#breadcrumb\"},\"inLanguage\":\"es\",\"potentialAction\":[{\"@type\":\"ReadAction\",\"target\":[\"https:\\\/\\\/exalumnasensenanza.co\\\/producto\\\/oversize-sweatshirt\\\/\"]}]},{\"@type\":\"BreadcrumbList\",\"@id\":\"https:\\\/\\\/exalumnasensenanza.co\\\/producto\\\/oversize-sweatshirt\\\/#breadcrumb\",\"itemListElement\":[{\"@type\":\"ListItem\",\"position\":1,\"name\":\"Home\",\"item\":\"https:\\\/\\\/exalumnasensenanza.co\\\/\"},{\"@type\":\"ListItem\",\"position\":2,\"name\":\"Shop\",\"item\":\"https:\\\/\\\/exalumnasensenanza.co\\\/shop\\\/\"},{\"@type\":\"ListItem\",\"position\":3,\"name\":\"Oversize Sweatshirt\"}]},{\"@type\":\"WebSite\",\"@id\":\"https:\\\/\\\/exalumnasensenanza.co\\\/#website\",\"url\":\"https:\\\/\\\/exalumnasensenanza.co\\\/\",\"name\":\"Asociaci\u00f3n de Exalumnas La Ense\u00f1anza\",\"description\":\"Tender la Mano para Cuidar y Servir\",\"publisher\":{\"@id\":\"https:\\\/\\\/exalumnasensenanza.co\\\/#organization\"},\"potentialAction\":[{\"@type\":\"SearchAction\",\"target\":{\"@type\":\"EntryPoint\",\"urlTemplate\":\"https:\\\/\\\/exalumnasensenanza.co\\\/?s={search_term_string}\"},\"query-input\":{\"@type\":\"PropertyValueSpecification\",\"valueRequired\":true,\"valueName\":\"search_term_string\"}}],\"inLanguage\":\"es\"},{\"@type\":\"Organization\",\"@id\":\"https:\\\/\\\/exalumnasensenanza.co\\\/#organization\",\"name\":\"Asociaci\u00f3n de Exalumnas La Ense\u00f1anza\",\"alternateName\":\"Exalumnas La Ense\u00f1anza\",\"url\":\"https:\\\/\\\/exalumnasensenanza.co\\\/\",\"logo\":{\"@type\":\"ImageObject\",\"inLanguage\":\"es\",\"@id\":\"https:\\\/\\\/exalumnasensenanza.co\\\/#\\\/schema\\\/logo\\\/image\\\/\",\"url\":\"https:\\/\\/exalumnasensenanza.co\\/wp-content\\/uploads\\/2026\\/02\\/LOGO-FAVICON-ELE-WEB.png\",\"contentUrl\":\"https:\\/\\/exalumnasensenanza.co\\/wp-content\\/uploads\\/2026\\/02\\/LOGO-FAVICON-ELE-WEB.png\",\"width\":512,\"height\":512,\"caption\":\"Asociaci\u00f3n de Exalumnas La Ense\u00f1anza\"},\"image\":{\"@id\":\"https:\\\/\\\/exalumnasensenanza.co\\\/#\\\/schema\\\/logo\\\/image\\\/\"},\"sameAs\":[\"https:\\\/\\\/www.facebook.com\\\/exalumnaslaensenanza\",\"https:\\\/\\\/www.instagram.com\\\/exalumnaslaensenanza\\\/\",\"https:\\\/\\\/www.youtube.com\\\/@ExalumnasLaEnsenanza\",\"https:\\\/\\\/open.spotify.com\\\/show\\\/2fVy0odrwHydzK8LqIALy9?si=df23a63a7d1844cb\"]}]}<\/script>\n<!-- \/ Yoast SEO plugin. -->","yoast_head_json":{"title":"Oversize Sweatshirt - Asociaci\u00f3n de Exalumnas La Ense\u00f1anza","robots":{"index":"index","follow":"follow","max-snippet":"max-snippet:-1","max-image-preview":"max-image-preview:large","max-video-preview":"max-video-preview:-1"},"canonical":"https:\/\/exalumnasensenanza.co\/es_es\/producto\/oversize-sweatshirt\/","og_locale":"es_ES","og_type":"article","og_title":"Oversize Sweatshirt - Asociaci\u00f3n de Exalumnas La Ense\u00f1anza","og_description":"Quickly impact bleeding-edge bandwidth whereas covalent catalysts for change. Tonal stitching. 98% cotton, 2% elastane. Made in Italy.","og_url":"https:\/\/exalumnasensenanza.co\/es_es\/producto\/oversize-sweatshirt\/","og_site_name":"Asociaci\u00f3n de Exalumnas La Ense\u00f1anza","article_publisher":"https:\/\/www.facebook.com\/exalumnaslaensenanza","article_modified_time":"2026-01-16T18:05:18+00:00","og_image":[{"width":1030,"height":1290,"url":"https:\/\/mlzbo0w8r27k.i.optimole.com\/w:auto\/h:auto\/q:mauto\/f:best\/https:\/\/exalumnasensenanza.co\/wp-content\/uploads\/2025\/11\/product-placeholder-2.jpg","type":"image\/jpeg"}],"twitter_card":"summary_large_image","twitter_misc":{"Tiempo de lectura":"6 minutos"},"schema":{"@context":"https:\/\/schema.org","@graph":[{"@type":"WebPage","@id":"https:\/\/exalumnasensenanza.co\/producto\/oversize-sweatshirt\/","url":"https:\/\/exalumnasensenanza.co\/producto\/oversize-sweatshirt\/","name":"Oversize Sweatshirt - Asociaci\u00f3n de Exalumnas La Ense\u00f1anza","isPartOf":{"@id":"https:\/\/exalumnasensenanza.co\/#website"},"datePublished":"2022-04-25T07:06:47+00:00","dateModified":"2026-01-16T18:05:18+00:00","breadcrumb":{"@id":"https:\/\/exalumnasensenanza.co\/producto\/oversize-sweatshirt\/#breadcrumb"},"inLanguage":"es","potentialAction":[{"@type":"ReadAction","target":["https:\/\/exalumnasensenanza.co\/producto\/oversize-sweatshirt\/"]}]},{"@type":"BreadcrumbList","@id":"https:\/\/exalumnasensenanza.co\/producto\/oversize-sweatshirt\/#breadcrumb","itemListElement":[{"@type":"ListItem","position":1,"name":"Home","item":"https:\/\/exalumnasensenanza.co\/"},{"@type":"ListItem","position":2,"name":"Shop","item":"https:\/\/exalumnasensenanza.co\/shop\/"},{"@type":"ListItem","position":3,"name":"Oversize Sweatshirt"}]},{"@type":"WebSite","@id":"https:\/\/exalumnasensenanza.co\/#website","url":"https:\/\/exalumnasensenanza.co\/","name":"Asociaci\u00f3n de Exalumnas La Ense\u00f1anza","description":"Tender la Mano para Cuidar y Servir","publisher":{"@id":"https:\/\/exalumnasensenanza.co\/#organization"},"potentialAction":[{"@type":"SearchAction","target":{"@type":"EntryPoint","urlTemplate":"https:\/\/exalumnasensenanza.co\/?s={search_term_string}"},"query-input":{"@type":"PropertyValueSpecification","valueRequired":true,"valueName":"search_term_string"}}],"inLanguage":"es"},{"@type":"Organization","@id":"https:\/\/exalumnasensenanza.co\/#organization","name":"Asociaci\u00f3n de Exalumnas La Ense\u00f1anza","alternateName":"Exalumnas La Ense\u00f1anza","url":"https:\/\/exalumnasensenanza.co\/","logo":{"@type":"ImageObject","inLanguage":"es","@id":"https:\/\/exalumnasensenanza.co\/#\/schema\/logo\/image\/","url":"https:\/\/mlzbo0w8r27k.i.optimole.com\/w:auto\/h:auto\/q:mauto\/f:best\/https:\/\/exalumnasensenanza.co\/wp-content\/uploads\/2026\/02\/LOGO-FAVICON-ELE-WEB.png","contentUrl":"https:\/\/mlzbo0w8r27k.i.optimole.com\/w:auto\/h:auto\/q:mauto\/f:best\/https:\/\/exalumnasensenanza.co\/wp-content\/uploads\/2026\/02\/LOGO-FAVICON-ELE-WEB.png","width":512,"height":512,"caption":"Asociaci\u00f3n de Exalumnas La Ense\u00f1anza"},"image":{"@id":"https:\/\/exalumnasensenanza.co\/#\/schema\/logo\/image\/"},"sameAs":["https:\/\/www.facebook.com\/exalumnaslaensenanza","https:\/\/www.instagram.com\/exalumnaslaensenanza\/","https:\/\/www.youtube.com\/@ExalumnasLaEnsenanza","https:\/\/open.spotify.com\/show\/2fVy0odrwHydzK8LqIALy9?si=df23a63a7d1844cb"]}]}},"_links":{"self":[{"href":"https:\/\/exalumnasensenanza.co\/es_es\/wp-json\/wp\/v2\/product\/112955","targetHints":{"allow":["GET"]}}],"collection":[{"href":"https:\/\/exalumnasensenanza.co\/es_es\/wp-json\/wp\/v2\/product"}],"about":[{"href":"https:\/\/exalumnasensenanza.co\/es_es\/wp-json\/wp\/v2\/types\/product"}],"replies":[{"embeddable":true,"href":"https:\/\/exalumnasensenanza.co\/es_es\/wp-json\/wp\/v2\/comments?post=112955"}],"wp:attachment":[{"href":"https:\/\/exalumnasensenanza.co\/es_es\/wp-json\/wp\/v2\/media?parent=112955"}],"wp:term":[{"taxonomy":"product_brand","embeddable":true,"href":"https:\/\/exalumnasensenanza.co\/es_es\/wp-json\/wp\/v2\/product_brand?post=112955"},{"taxonomy":"product_cat","embeddable":true,"href":"https:\/\/exalumnasensenanza.co\/es_es\/wp-json\/wp\/v2\/product_cat?post=112955"},{"taxonomy":"product_tag","embeddable":true,"href":"https:\/\/exalumnasensenanza.co\/es_es\/wp-json\/wp\/v2\/product_tag?post=112955"}],"curies":[{"name":"wp","href":"https:\/\/api.w.org\/{rel}","templated":true}]}}