{"id":111476,"date":"2022-05-12T09:34:50","date_gmt":"2022-05-12T07:34:50","guid":{"rendered":"https:\/\/undsgn.com\/uncode\/?post_type=product&amp;p=111476"},"modified":"2026-01-16T18:05:18","modified_gmt":"2026-01-16T18:05:18","slug":"spectrum-x-200t","status":"publish","type":"product","link":"https:\/\/exalumnasensenanza.co\/es_es\/producto\/spectrum-x-200t\/","title":{"rendered":"Spectrum X-200T"},"content":{"rendered":"<div class=\"wpb-content-wrapper\"><div data-parent=\"true\" class=\"vc_row row-container\" id=\"row-unique-0\"><div class=\"row col-double-gutter no-top-padding no-bottom-padding no-h-padding limit-width row-parent\"><div class=\"wpb_row row-inner\"><div class=\"wpb_column pos-top pos-center align_left column_parent col-lg-4 col-md-33 half-internal-gutter\"><div class=\"uncol style-light\"  ><div class=\"uncoltable\"><div class=\"uncell no-block-padding\" ><div class=\"uncont\" ><div class=\"vc_custom_heading_wrap\"><div class=\"heading-text el-text\" ><h3 class=\"h4\" ><span>Specifications<\/span><\/h3><\/div><div class=\"clear\"><\/div><\/div><div class=\"uncode_text_column\" ><p>Its compact design size makes it ideal for travel or the perfect body for everyday carry, the classic aluminum body gives it a tactile feel, proprietary low-velocity port design minimizes distortion.<\/p>\n<\/div><div class=\"empty-space empty-half\" ><span class=\"empty-space-inner\"><\/span><\/div>\n<div class=\"vc_custom_heading_wrap\"><div class=\"heading-text el-text\" ><h3 class=\"h4\" ><span>Advantages<\/span><\/h3><\/div><div class=\"clear\"><\/div><\/div><div class=\"uncode_text_column\" ><p>Proprietary low-velocity port design minimizes distortion and rounds out low-end frequencies. In assortment for decades and is still very popular. You can choose one of our combinations.<\/p>\n<\/div><\/div><\/div><\/div><\/div><\/div><div class=\"wpb_column pos-top pos-center align_left column_parent col-lg-4 col-md-33 half-internal-gutter\"><div class=\"uncol style-light\"  ><div class=\"uncoltable\"><div class=\"uncell no-block-padding\" ><div class=\"uncont\" ><div class=\"vc_custom_heading_wrap\"><div class=\"heading-text el-text\" ><h3 class=\"h4\" ><span>Compatibility<\/span><\/h3><\/div><div class=\"clear\"><\/div><\/div><div class=\"uncode_text_column\" ><p>Short sleeve crewneck in white in a professional context it often happens that private or corporate clients a publication to be made and presented with the actual content still not being ready.<\/p>\n<\/div><div class=\"empty-space empty-half\" ><span class=\"empty-space-inner\"><\/span><\/div>\n<div class=\"vc_custom_heading_wrap\"><div class=\"heading-text el-text\" ><h3 class=\"h4\" ><span>Recommendations<\/span><\/h3><\/div><div class=\"clear\"><\/div><\/div><div class=\"uncode_text_column\" ><p>Think of a news blog that\u2019s filled with content hourly on the day of going live. Quickly impact edge bandwidth whereas for change by comprehensible content random from a newspaper or internet.<\/p>\n<\/div><\/div><\/div><\/div><\/div><\/div><div class=\"wpb_column pos-top pos-center align_left column_parent col-lg-4 col-md-33 half-internal-gutter\"><div class=\"uncol style-light\"  ><div class=\"uncoltable\"><div class=\"uncell no-block-padding\" ><div class=\"uncont\" ><div class=\"vc_custom_heading_wrap\"><div class=\"heading-text el-text\" ><h3 class=\"h4\" ><span>Requirements<\/span><\/h3><\/div><div class=\"clear\"><\/div><\/div><div class=\"uncode_text_column\" ><p>Whereas covalent catalysts for change short sleeve crewneck in white in a professional context it often happens presented that private or corporate clients a publication to be made it often happens that private.<\/p>\n<\/div><div class=\"empty-space empty-half\" ><span class=\"empty-space-inner\"><\/span><\/div>\n<div class=\"vc_custom_heading_wrap\"><div class=\"heading-text el-text\" ><h3 class=\"h4\" ><span>Maintenance<\/span><\/h3><\/div><div class=\"clear\"><\/div><\/div><div class=\"uncode_text_column\" ><p>This software measures the acoustics of the room then fine-tunes the soundbar. Supported iOS device required. Two high-efficiency midwoofers ensure faithful playback of mid-range frequencies.<\/p>\n<\/div><\/div><\/div><\/div><\/div><\/div><script id=\"script-row-unique-0\" data-row=\"script-row-unique-0\" type=\"text\/javascript\" class=\"vc_controls\">UNCODE.initRow(document.getElementById(\"row-unique-0\"));<\/script><\/div><\/div><\/div>\n<\/div>","protected":false},"excerpt":{"rendered":"<p>Its compact design size makes it ideal for travel or the perfect body for everyday carry, the classic aluminum body gives it a tactile feel.<\/p>","protected":false},"featured_media":0,"comment_status":"open","ping_status":"closed","template":"","meta":{"_joinchat":[]},"product_brand":[],"product_cat":[46,56],"product_tag":[],"class_list":{"0":"post-111476","1":"product","2":"type-product","3":"status-publish","5":"product_cat-electronics","6":"product_cat-photography","8":"first","9":"outofstock","10":"shipping-taxable","11":"purchasable","12":"product-type-variable","13":"has-default-attributes","14":"woocommerce-product-gallery--with-variation-gallery product-gallery-placeholder"},"yoast_head":"<!-- This site is optimized with the Yoast SEO plugin v27.3 - https:\/\/yoast.com\/product\/yoast-seo-wordpress\/ -->\n<title>Spectrum X-200T - Asociaci\u00f3n de Exalumnas La Ense\u00f1anza<\/title>\n<meta name=\"robots\" content=\"index, follow, max-snippet:-1, max-image-preview:large, max-video-preview:-1\" \/>\n<link rel=\"canonical\" href=\"https:\/\/exalumnasensenanza.co\/es_es\/producto\/spectrum-x-200t\/\" \/>\n<meta property=\"og:locale\" content=\"es_ES\" \/>\n<meta property=\"og:type\" content=\"article\" \/>\n<meta property=\"og:title\" content=\"Spectrum X-200T - Asociaci\u00f3n de Exalumnas La Ense\u00f1anza\" \/>\n<meta property=\"og:description\" content=\"Its compact design size makes it ideal for travel or the perfect body for everyday carry, the classic aluminum body gives it a tactile feel.\" \/>\n<meta property=\"og:url\" content=\"https:\/\/exalumnasensenanza.co\/es_es\/producto\/spectrum-x-200t\/\" \/>\n<meta property=\"og:site_name\" content=\"Asociaci\u00f3n de Exalumnas La Ense\u00f1anza\" \/>\n<meta property=\"article:publisher\" content=\"https:\/\/www.facebook.com\/exalumnaslaensenanza\" \/>\n<meta property=\"article:modified_time\" content=\"2026-01-16T18:05:18+00:00\" \/>\n<meta property=\"og:image\" content=\"https:\/\/mlzbo0w8r27k.i.optimole.com\/w:auto\/h:auto\/q:mauto\/f:best\/https:\/\/exalumnasensenanza.co\/wp-content\/uploads\/2025\/11\/product-placeholder-1.jpg\" \/>\n\t<meta property=\"og:image:width\" content=\"1030\" \/>\n\t<meta property=\"og:image:height\" content=\"1290\" \/>\n\t<meta property=\"og:image:type\" content=\"image\/jpeg\" \/>\n<meta name=\"twitter:card\" content=\"summary_large_image\" \/>\n<meta name=\"twitter:label1\" content=\"Tiempo de lectura\" \/>\n\t<meta name=\"twitter:data1\" content=\"2 minutos\" \/>\n<script type=\"application\/ld+json\" class=\"yoast-schema-graph\">{\"@context\":\"https:\\\/\\\/schema.org\",\"@graph\":[{\"@type\":\"WebPage\",\"@id\":\"https:\\\/\\\/exalumnasensenanza.co\\\/producto\\\/spectrum-x-200t\\\/\",\"url\":\"https:\\\/\\\/exalumnasensenanza.co\\\/producto\\\/spectrum-x-200t\\\/\",\"name\":\"Spectrum X-200T - Asociaci\u00f3n de Exalumnas La Ense\u00f1anza\",\"isPartOf\":{\"@id\":\"https:\\\/\\\/exalumnasensenanza.co\\\/#website\"},\"datePublished\":\"2022-05-12T07:34:50+00:00\",\"dateModified\":\"2026-01-16T18:05:18+00:00\",\"breadcrumb\":{\"@id\":\"https:\\\/\\\/exalumnasensenanza.co\\\/producto\\\/spectrum-x-200t\\\/#breadcrumb\"},\"inLanguage\":\"es\",\"potentialAction\":[{\"@type\":\"ReadAction\",\"target\":[\"https:\\\/\\\/exalumnasensenanza.co\\\/producto\\\/spectrum-x-200t\\\/\"]}]},{\"@type\":\"BreadcrumbList\",\"@id\":\"https:\\\/\\\/exalumnasensenanza.co\\\/producto\\\/spectrum-x-200t\\\/#breadcrumb\",\"itemListElement\":[{\"@type\":\"ListItem\",\"position\":1,\"name\":\"Home\",\"item\":\"https:\\\/\\\/exalumnasensenanza.co\\\/\"},{\"@type\":\"ListItem\",\"position\":2,\"name\":\"Shop\",\"item\":\"https:\\\/\\\/exalumnasensenanza.co\\\/shop\\\/\"},{\"@type\":\"ListItem\",\"position\":3,\"name\":\"Spectrum X-200T\"}]},{\"@type\":\"WebSite\",\"@id\":\"https:\\\/\\\/exalumnasensenanza.co\\\/#website\",\"url\":\"https:\\\/\\\/exalumnasensenanza.co\\\/\",\"name\":\"Asociaci\u00f3n de Exalumnas La Ense\u00f1anza\",\"description\":\"Tender la Mano para Cuidar y Servir\",\"publisher\":{\"@id\":\"https:\\\/\\\/exalumnasensenanza.co\\\/#organization\"},\"potentialAction\":[{\"@type\":\"SearchAction\",\"target\":{\"@type\":\"EntryPoint\",\"urlTemplate\":\"https:\\\/\\\/exalumnasensenanza.co\\\/?s={search_term_string}\"},\"query-input\":{\"@type\":\"PropertyValueSpecification\",\"valueRequired\":true,\"valueName\":\"search_term_string\"}}],\"inLanguage\":\"es\"},{\"@type\":\"Organization\",\"@id\":\"https:\\\/\\\/exalumnasensenanza.co\\\/#organization\",\"name\":\"Asociaci\u00f3n de Exalumnas La Ense\u00f1anza\",\"alternateName\":\"Exalumnas La Ense\u00f1anza\",\"url\":\"https:\\\/\\\/exalumnasensenanza.co\\\/\",\"logo\":{\"@type\":\"ImageObject\",\"inLanguage\":\"es\",\"@id\":\"https:\\\/\\\/exalumnasensenanza.co\\\/#\\\/schema\\\/logo\\\/image\\\/\",\"url\":\"https:\\/\\/exalumnasensenanza.co\\/wp-content\\/uploads\\/2026\\/02\\/LOGO-FAVICON-ELE-WEB.png\",\"contentUrl\":\"https:\\/\\/exalumnasensenanza.co\\/wp-content\\/uploads\\/2026\\/02\\/LOGO-FAVICON-ELE-WEB.png\",\"width\":512,\"height\":512,\"caption\":\"Asociaci\u00f3n de Exalumnas La Ense\u00f1anza\"},\"image\":{\"@id\":\"https:\\\/\\\/exalumnasensenanza.co\\\/#\\\/schema\\\/logo\\\/image\\\/\"},\"sameAs\":[\"https:\\\/\\\/www.facebook.com\\\/exalumnaslaensenanza\",\"https:\\\/\\\/www.instagram.com\\\/exalumnaslaensenanza\\\/\",\"https:\\\/\\\/www.youtube.com\\\/@ExalumnasLaEnsenanza\",\"https:\\\/\\\/open.spotify.com\\\/show\\\/2fVy0odrwHydzK8LqIALy9?si=df23a63a7d1844cb\"]}]}<\/script>\n<!-- \/ Yoast SEO plugin. -->","yoast_head_json":{"title":"Spectrum X-200T - Asociaci\u00f3n de Exalumnas La Ense\u00f1anza","robots":{"index":"index","follow":"follow","max-snippet":"max-snippet:-1","max-image-preview":"max-image-preview:large","max-video-preview":"max-video-preview:-1"},"canonical":"https:\/\/exalumnasensenanza.co\/es_es\/producto\/spectrum-x-200t\/","og_locale":"es_ES","og_type":"article","og_title":"Spectrum X-200T - Asociaci\u00f3n de Exalumnas La Ense\u00f1anza","og_description":"Its compact design size makes it ideal for travel or the perfect body for everyday carry, the classic aluminum body gives it a tactile feel.","og_url":"https:\/\/exalumnasensenanza.co\/es_es\/producto\/spectrum-x-200t\/","og_site_name":"Asociaci\u00f3n de Exalumnas La Ense\u00f1anza","article_publisher":"https:\/\/www.facebook.com\/exalumnaslaensenanza","article_modified_time":"2026-01-16T18:05:18+00:00","og_image":[{"width":1030,"height":1290,"url":"https:\/\/mlzbo0w8r27k.i.optimole.com\/w:auto\/h:auto\/q:mauto\/f:best\/https:\/\/exalumnasensenanza.co\/wp-content\/uploads\/2025\/11\/product-placeholder-1.jpg","type":"image\/jpeg"}],"twitter_card":"summary_large_image","twitter_misc":{"Tiempo de lectura":"2 minutos"},"schema":{"@context":"https:\/\/schema.org","@graph":[{"@type":"WebPage","@id":"https:\/\/exalumnasensenanza.co\/producto\/spectrum-x-200t\/","url":"https:\/\/exalumnasensenanza.co\/producto\/spectrum-x-200t\/","name":"Spectrum X-200T - Asociaci\u00f3n de Exalumnas La Ense\u00f1anza","isPartOf":{"@id":"https:\/\/exalumnasensenanza.co\/#website"},"datePublished":"2022-05-12T07:34:50+00:00","dateModified":"2026-01-16T18:05:18+00:00","breadcrumb":{"@id":"https:\/\/exalumnasensenanza.co\/producto\/spectrum-x-200t\/#breadcrumb"},"inLanguage":"es","potentialAction":[{"@type":"ReadAction","target":["https:\/\/exalumnasensenanza.co\/producto\/spectrum-x-200t\/"]}]},{"@type":"BreadcrumbList","@id":"https:\/\/exalumnasensenanza.co\/producto\/spectrum-x-200t\/#breadcrumb","itemListElement":[{"@type":"ListItem","position":1,"name":"Home","item":"https:\/\/exalumnasensenanza.co\/"},{"@type":"ListItem","position":2,"name":"Shop","item":"https:\/\/exalumnasensenanza.co\/shop\/"},{"@type":"ListItem","position":3,"name":"Spectrum X-200T"}]},{"@type":"WebSite","@id":"https:\/\/exalumnasensenanza.co\/#website","url":"https:\/\/exalumnasensenanza.co\/","name":"Asociaci\u00f3n de Exalumnas La Ense\u00f1anza","description":"Tender la Mano para Cuidar y Servir","publisher":{"@id":"https:\/\/exalumnasensenanza.co\/#organization"},"potentialAction":[{"@type":"SearchAction","target":{"@type":"EntryPoint","urlTemplate":"https:\/\/exalumnasensenanza.co\/?s={search_term_string}"},"query-input":{"@type":"PropertyValueSpecification","valueRequired":true,"valueName":"search_term_string"}}],"inLanguage":"es"},{"@type":"Organization","@id":"https:\/\/exalumnasensenanza.co\/#organization","name":"Asociaci\u00f3n de Exalumnas La Ense\u00f1anza","alternateName":"Exalumnas La Ense\u00f1anza","url":"https:\/\/exalumnasensenanza.co\/","logo":{"@type":"ImageObject","inLanguage":"es","@id":"https:\/\/exalumnasensenanza.co\/#\/schema\/logo\/image\/","url":"https:\/\/mlzbo0w8r27k.i.optimole.com\/w:auto\/h:auto\/q:mauto\/f:best\/https:\/\/exalumnasensenanza.co\/wp-content\/uploads\/2026\/02\/LOGO-FAVICON-ELE-WEB.png","contentUrl":"https:\/\/mlzbo0w8r27k.i.optimole.com\/w:auto\/h:auto\/q:mauto\/f:best\/https:\/\/exalumnasensenanza.co\/wp-content\/uploads\/2026\/02\/LOGO-FAVICON-ELE-WEB.png","width":512,"height":512,"caption":"Asociaci\u00f3n de Exalumnas La Ense\u00f1anza"},"image":{"@id":"https:\/\/exalumnasensenanza.co\/#\/schema\/logo\/image\/"},"sameAs":["https:\/\/www.facebook.com\/exalumnaslaensenanza","https:\/\/www.instagram.com\/exalumnaslaensenanza\/","https:\/\/www.youtube.com\/@ExalumnasLaEnsenanza","https:\/\/open.spotify.com\/show\/2fVy0odrwHydzK8LqIALy9?si=df23a63a7d1844cb"]}]}},"_links":{"self":[{"href":"https:\/\/exalumnasensenanza.co\/es_es\/wp-json\/wp\/v2\/product\/111476","targetHints":{"allow":["GET"]}}],"collection":[{"href":"https:\/\/exalumnasensenanza.co\/es_es\/wp-json\/wp\/v2\/product"}],"about":[{"href":"https:\/\/exalumnasensenanza.co\/es_es\/wp-json\/wp\/v2\/types\/product"}],"replies":[{"embeddable":true,"href":"https:\/\/exalumnasensenanza.co\/es_es\/wp-json\/wp\/v2\/comments?post=111476"}],"wp:attachment":[{"href":"https:\/\/exalumnasensenanza.co\/es_es\/wp-json\/wp\/v2\/media?parent=111476"}],"wp:term":[{"taxonomy":"product_brand","embeddable":true,"href":"https:\/\/exalumnasensenanza.co\/es_es\/wp-json\/wp\/v2\/product_brand?post=111476"},{"taxonomy":"product_cat","embeddable":true,"href":"https:\/\/exalumnasensenanza.co\/es_es\/wp-json\/wp\/v2\/product_cat?post=111476"},{"taxonomy":"product_tag","embeddable":true,"href":"https:\/\/exalumnasensenanza.co\/es_es\/wp-json\/wp\/v2\/product_tag?post=111476"}],"curies":[{"name":"wp","href":"https:\/\/api.w.org\/{rel}","templated":true}]}}