{"id":111293,"date":"2022-05-11T18:39:48","date_gmt":"2022-05-11T16:39:48","guid":{"rendered":"https:\/\/undsgn.com\/uncode\/?post_type=product&amp;p=111293"},"modified":"2026-01-16T18:05:18","modified_gmt":"2026-01-16T18:05:18","slug":"nw-10-camera","status":"publish","type":"product","link":"https:\/\/exalumnasensenanza.co\/es_es\/producto\/nw-10-camera\/","title":{"rendered":"NW-10 Camera"},"content":{"rendered":"<p>The design is very active and loves to chase her tail. She also likes to chase her human and scratch his leg. It enhances your workspace with a sleek design, and an optional dual or triple monitor bow kit ups your screen count and productivity. The classic aluminum body and analog-inspired controls give it a tactile feel reminiscent of film cameras. This is a beautiful white with a black nose and a big, fluffy tail. She loves to play with her favorite toy, a ball of yarn. The sensor&#8217;s design also enables a hybrid autofocus system that combines phase-detection points with a contrast-detection system for quick and accurate performance.<\/p>","protected":false},"excerpt":{"rendered":"<p>Its compact design size makes it ideal for travel or the perfect body for everyday carry, the classic aluminum body gives it a tactile feel.<\/p>","protected":false},"featured_media":0,"comment_status":"open","ping_status":"closed","template":"","meta":{"_joinchat":[]},"product_brand":[],"product_cat":[46,56],"product_tag":[],"class_list":{"0":"post-111293","1":"product","2":"type-product","3":"status-publish","5":"product_cat-electronics","6":"product_cat-photography","8":"first","9":"outofstock","10":"shipping-taxable","11":"purchasable","12":"product-type-variable","13":"has-default-attributes","14":"woocommerce-product-gallery--with-variation-gallery product-gallery-placeholder"},"yoast_head":"<!-- This site is optimized with the Yoast SEO plugin v27.3 - https:\/\/yoast.com\/product\/yoast-seo-wordpress\/ -->\n<title>NW-10 Camera - Asociaci\u00f3n de Exalumnas La Ense\u00f1anza<\/title>\n<meta name=\"robots\" content=\"index, follow, max-snippet:-1, max-image-preview:large, max-video-preview:-1\" \/>\n<link rel=\"canonical\" href=\"https:\/\/exalumnasensenanza.co\/es_es\/producto\/nw-10-camera\/\" \/>\n<meta property=\"og:locale\" content=\"es_ES\" \/>\n<meta property=\"og:type\" content=\"article\" \/>\n<meta property=\"og:title\" content=\"NW-10 Camera - Asociaci\u00f3n de Exalumnas La Ense\u00f1anza\" \/>\n<meta property=\"og:description\" content=\"Its compact design size makes it ideal for travel or the perfect body for everyday carry, the classic aluminum body gives it a tactile feel.\" \/>\n<meta property=\"og:url\" content=\"https:\/\/exalumnasensenanza.co\/es_es\/producto\/nw-10-camera\/\" \/>\n<meta property=\"og:site_name\" content=\"Asociaci\u00f3n de Exalumnas La Ense\u00f1anza\" \/>\n<meta property=\"article:publisher\" content=\"https:\/\/www.facebook.com\/exalumnaslaensenanza\" \/>\n<meta property=\"article:modified_time\" content=\"2026-01-16T18:05:18+00:00\" \/>\n<meta property=\"og:image\" content=\"https:\/\/mlzbo0w8r27k.i.optimole.com\/w:auto\/h:auto\/q:mauto\/f:best\/https:\/\/exalumnasensenanza.co\/wp-content\/uploads\/2025\/11\/product-placeholder-2.jpg\" \/>\n\t<meta property=\"og:image:width\" content=\"1030\" \/>\n\t<meta property=\"og:image:height\" content=\"1290\" \/>\n\t<meta property=\"og:image:type\" content=\"image\/jpeg\" \/>\n<meta name=\"twitter:card\" content=\"summary_large_image\" \/>\n<meta name=\"twitter:label1\" content=\"Tiempo de lectura\" \/>\n\t<meta name=\"twitter:data1\" content=\"1 minuto\" \/>\n<script type=\"application\/ld+json\" class=\"yoast-schema-graph\">{\"@context\":\"https:\\\/\\\/schema.org\",\"@graph\":[{\"@type\":\"WebPage\",\"@id\":\"https:\\\/\\\/exalumnasensenanza.co\\\/producto\\\/nw-10-camera\\\/\",\"url\":\"https:\\\/\\\/exalumnasensenanza.co\\\/producto\\\/nw-10-camera\\\/\",\"name\":\"NW-10 Camera - Asociaci\u00f3n de Exalumnas La Ense\u00f1anza\",\"isPartOf\":{\"@id\":\"https:\\\/\\\/exalumnasensenanza.co\\\/#website\"},\"datePublished\":\"2022-05-11T16:39:48+00:00\",\"dateModified\":\"2026-01-16T18:05:18+00:00\",\"breadcrumb\":{\"@id\":\"https:\\\/\\\/exalumnasensenanza.co\\\/producto\\\/nw-10-camera\\\/#breadcrumb\"},\"inLanguage\":\"es\",\"potentialAction\":[{\"@type\":\"ReadAction\",\"target\":[\"https:\\\/\\\/exalumnasensenanza.co\\\/producto\\\/nw-10-camera\\\/\"]}]},{\"@type\":\"BreadcrumbList\",\"@id\":\"https:\\\/\\\/exalumnasensenanza.co\\\/producto\\\/nw-10-camera\\\/#breadcrumb\",\"itemListElement\":[{\"@type\":\"ListItem\",\"position\":1,\"name\":\"Home\",\"item\":\"https:\\\/\\\/exalumnasensenanza.co\\\/\"},{\"@type\":\"ListItem\",\"position\":2,\"name\":\"Shop\",\"item\":\"https:\\\/\\\/exalumnasensenanza.co\\\/shop\\\/\"},{\"@type\":\"ListItem\",\"position\":3,\"name\":\"NW-10 Camera\"}]},{\"@type\":\"WebSite\",\"@id\":\"https:\\\/\\\/exalumnasensenanza.co\\\/#website\",\"url\":\"https:\\\/\\\/exalumnasensenanza.co\\\/\",\"name\":\"Asociaci\u00f3n de Exalumnas La Ense\u00f1anza\",\"description\":\"Tender la Mano para Cuidar y Servir\",\"publisher\":{\"@id\":\"https:\\\/\\\/exalumnasensenanza.co\\\/#organization\"},\"potentialAction\":[{\"@type\":\"SearchAction\",\"target\":{\"@type\":\"EntryPoint\",\"urlTemplate\":\"https:\\\/\\\/exalumnasensenanza.co\\\/?s={search_term_string}\"},\"query-input\":{\"@type\":\"PropertyValueSpecification\",\"valueRequired\":true,\"valueName\":\"search_term_string\"}}],\"inLanguage\":\"es\"},{\"@type\":\"Organization\",\"@id\":\"https:\\\/\\\/exalumnasensenanza.co\\\/#organization\",\"name\":\"Asociaci\u00f3n de Exalumnas La Ense\u00f1anza\",\"alternateName\":\"Exalumnas La Ense\u00f1anza\",\"url\":\"https:\\\/\\\/exalumnasensenanza.co\\\/\",\"logo\":{\"@type\":\"ImageObject\",\"inLanguage\":\"es\",\"@id\":\"https:\\\/\\\/exalumnasensenanza.co\\\/#\\\/schema\\\/logo\\\/image\\\/\",\"url\":\"https:\\/\\/exalumnasensenanza.co\\/wp-content\\/uploads\\/2026\\/02\\/LOGO-FAVICON-ELE-WEB.png\",\"contentUrl\":\"https:\\/\\/exalumnasensenanza.co\\/wp-content\\/uploads\\/2026\\/02\\/LOGO-FAVICON-ELE-WEB.png\",\"width\":512,\"height\":512,\"caption\":\"Asociaci\u00f3n de Exalumnas La Ense\u00f1anza\"},\"image\":{\"@id\":\"https:\\\/\\\/exalumnasensenanza.co\\\/#\\\/schema\\\/logo\\\/image\\\/\"},\"sameAs\":[\"https:\\\/\\\/www.facebook.com\\\/exalumnaslaensenanza\",\"https:\\\/\\\/www.instagram.com\\\/exalumnaslaensenanza\\\/\",\"https:\\\/\\\/www.youtube.com\\\/@ExalumnasLaEnsenanza\",\"https:\\\/\\\/open.spotify.com\\\/show\\\/2fVy0odrwHydzK8LqIALy9?si=df23a63a7d1844cb\"]}]}<\/script>\n<!-- \/ Yoast SEO plugin. -->","yoast_head_json":{"title":"NW-10 Camera - Asociaci\u00f3n de Exalumnas La Ense\u00f1anza","robots":{"index":"index","follow":"follow","max-snippet":"max-snippet:-1","max-image-preview":"max-image-preview:large","max-video-preview":"max-video-preview:-1"},"canonical":"https:\/\/exalumnasensenanza.co\/es_es\/producto\/nw-10-camera\/","og_locale":"es_ES","og_type":"article","og_title":"NW-10 Camera - Asociaci\u00f3n de Exalumnas La Ense\u00f1anza","og_description":"Its compact design size makes it ideal for travel or the perfect body for everyday carry, the classic aluminum body gives it a tactile feel.","og_url":"https:\/\/exalumnasensenanza.co\/es_es\/producto\/nw-10-camera\/","og_site_name":"Asociaci\u00f3n de Exalumnas La Ense\u00f1anza","article_publisher":"https:\/\/www.facebook.com\/exalumnaslaensenanza","article_modified_time":"2026-01-16T18:05:18+00:00","og_image":[{"width":1030,"height":1290,"url":"https:\/\/mlzbo0w8r27k.i.optimole.com\/w:auto\/h:auto\/q:mauto\/f:best\/https:\/\/exalumnasensenanza.co\/wp-content\/uploads\/2025\/11\/product-placeholder-2.jpg","type":"image\/jpeg"}],"twitter_card":"summary_large_image","twitter_misc":{"Tiempo de lectura":"1 minuto"},"schema":{"@context":"https:\/\/schema.org","@graph":[{"@type":"WebPage","@id":"https:\/\/exalumnasensenanza.co\/producto\/nw-10-camera\/","url":"https:\/\/exalumnasensenanza.co\/producto\/nw-10-camera\/","name":"NW-10 Camera - Asociaci\u00f3n de Exalumnas La Ense\u00f1anza","isPartOf":{"@id":"https:\/\/exalumnasensenanza.co\/#website"},"datePublished":"2022-05-11T16:39:48+00:00","dateModified":"2026-01-16T18:05:18+00:00","breadcrumb":{"@id":"https:\/\/exalumnasensenanza.co\/producto\/nw-10-camera\/#breadcrumb"},"inLanguage":"es","potentialAction":[{"@type":"ReadAction","target":["https:\/\/exalumnasensenanza.co\/producto\/nw-10-camera\/"]}]},{"@type":"BreadcrumbList","@id":"https:\/\/exalumnasensenanza.co\/producto\/nw-10-camera\/#breadcrumb","itemListElement":[{"@type":"ListItem","position":1,"name":"Home","item":"https:\/\/exalumnasensenanza.co\/"},{"@type":"ListItem","position":2,"name":"Shop","item":"https:\/\/exalumnasensenanza.co\/shop\/"},{"@type":"ListItem","position":3,"name":"NW-10 Camera"}]},{"@type":"WebSite","@id":"https:\/\/exalumnasensenanza.co\/#website","url":"https:\/\/exalumnasensenanza.co\/","name":"Asociaci\u00f3n de Exalumnas La Ense\u00f1anza","description":"Tender la Mano para Cuidar y Servir","publisher":{"@id":"https:\/\/exalumnasensenanza.co\/#organization"},"potentialAction":[{"@type":"SearchAction","target":{"@type":"EntryPoint","urlTemplate":"https:\/\/exalumnasensenanza.co\/?s={search_term_string}"},"query-input":{"@type":"PropertyValueSpecification","valueRequired":true,"valueName":"search_term_string"}}],"inLanguage":"es"},{"@type":"Organization","@id":"https:\/\/exalumnasensenanza.co\/#organization","name":"Asociaci\u00f3n de Exalumnas La Ense\u00f1anza","alternateName":"Exalumnas La Ense\u00f1anza","url":"https:\/\/exalumnasensenanza.co\/","logo":{"@type":"ImageObject","inLanguage":"es","@id":"https:\/\/exalumnasensenanza.co\/#\/schema\/logo\/image\/","url":"https:\/\/mlzbo0w8r27k.i.optimole.com\/w:auto\/h:auto\/q:mauto\/f:best\/https:\/\/exalumnasensenanza.co\/wp-content\/uploads\/2026\/02\/LOGO-FAVICON-ELE-WEB.png","contentUrl":"https:\/\/mlzbo0w8r27k.i.optimole.com\/w:auto\/h:auto\/q:mauto\/f:best\/https:\/\/exalumnasensenanza.co\/wp-content\/uploads\/2026\/02\/LOGO-FAVICON-ELE-WEB.png","width":512,"height":512,"caption":"Asociaci\u00f3n de Exalumnas La Ense\u00f1anza"},"image":{"@id":"https:\/\/exalumnasensenanza.co\/#\/schema\/logo\/image\/"},"sameAs":["https:\/\/www.facebook.com\/exalumnaslaensenanza","https:\/\/www.instagram.com\/exalumnaslaensenanza\/","https:\/\/www.youtube.com\/@ExalumnasLaEnsenanza","https:\/\/open.spotify.com\/show\/2fVy0odrwHydzK8LqIALy9?si=df23a63a7d1844cb"]}]}},"_links":{"self":[{"href":"https:\/\/exalumnasensenanza.co\/es_es\/wp-json\/wp\/v2\/product\/111293","targetHints":{"allow":["GET"]}}],"collection":[{"href":"https:\/\/exalumnasensenanza.co\/es_es\/wp-json\/wp\/v2\/product"}],"about":[{"href":"https:\/\/exalumnasensenanza.co\/es_es\/wp-json\/wp\/v2\/types\/product"}],"replies":[{"embeddable":true,"href":"https:\/\/exalumnasensenanza.co\/es_es\/wp-json\/wp\/v2\/comments?post=111293"}],"wp:attachment":[{"href":"https:\/\/exalumnasensenanza.co\/es_es\/wp-json\/wp\/v2\/media?parent=111293"}],"wp:term":[{"taxonomy":"product_brand","embeddable":true,"href":"https:\/\/exalumnasensenanza.co\/es_es\/wp-json\/wp\/v2\/product_brand?post=111293"},{"taxonomy":"product_cat","embeddable":true,"href":"https:\/\/exalumnasensenanza.co\/es_es\/wp-json\/wp\/v2\/product_cat?post=111293"},{"taxonomy":"product_tag","embeddable":true,"href":"https:\/\/exalumnasensenanza.co\/es_es\/wp-json\/wp\/v2\/product_tag?post=111293"}],"curies":[{"name":"wp","href":"https:\/\/api.w.org\/{rel}","templated":true}]}}