{"id":3,"date":"2026-01-16T17:11:06","date_gmt":"2026-01-16T17:11:06","guid":{"rendered":"http:\/\/ele-theme-test.local\/?page_id=3"},"modified":"2026-05-05T08:29:28","modified_gmt":"2026-05-05T13:29:28","slug":"politica-de-privacidad","status":"publish","type":"page","link":"https:\/\/exalumnasensenanza.co\/es_es\/politica-de-privacidad\/","title":{"rendered":"Pol\u00edtica de Privacidad"},"content":{"rendered":"<div class=\"wpb-content-wrapper\"><div data-parent=\"true\" class=\"vc_row row-container\" id=\"row-unique-0\"><div class=\"row limit-width row-parent\"><div class=\"wpb_row row-inner\"><div class=\"wpb_column pos-top pos-center align_left column_parent col-lg-12 single-internal-gutter\"><div class=\"uncol style-light\"  ><div class=\"uncoltable\"><div class=\"uncell no-block-padding\" ><div class=\"uncont\" ><div class=\"uncode_text_column\" ><\/p>\n<p><strong>POL\u00cdTICA DE PRIVACIDAD<\/strong>&nbsp;<\/p>\n<p>La<strong> ASOCIACI\u00d3N DE EXALUMNAS DEL COLEGIO DE LA COMPA\u00d1\u00cdA DE MAR\u00cdA LA ENSE\u00d1ANZA<\/strong>, en adelante y para efecto del presente documento <strong>LA ASOCIACI\u00d3N DE EXALUMNAS LA ENSE\u00d1ANZA<\/strong>, identificada con NIT. 890.905.759, en ejecuci\u00f3n de su objeto social,&nbsp; trata de datos de los grupos de inter\u00e9s con los cuales se relaciona, entre otros y sin limitarse a ellos, exalumnas, colaboradores, clientes, proveedores, y por ello comunica a \u00e9stos su Pol\u00edtica de Privacidad que ha sido adoptada en cumplimiento del r\u00e9gimen legal vigente contenido en la Ley Estatutaria 1581 de 2012 y 1266 de 2008 en lo pertinente.<\/p>\n<p>LA ASOCIACI\u00d3N DE EXALUMNAS LA ENSE\u00d1ANZA trata datos personales de manera directa de sus grupos de inter\u00e9s en ejecuci\u00f3n de su objeto social, esto es, los datos de las personas f\u00edsicas con las cuales se relaciona en la ejecuci\u00f3n de su misi\u00f3n principal como entidad sin \u00e1nimo de lucro, la cual es compartir y proyectar los valores inculcados desde la educaci\u00f3n recibida en el colegio, apoyados en la Fe Cristiana y en la responsabilidad social. Tender la mano es el principio de solidaridad que gu\u00eda el accionar de la Asociaci\u00f3n.<\/p>\n<p>Integrar a las exalumnas al trabajo social voluntario, con la convicci\u00f3n de que tenemos un papel importante en la construcci\u00f3n de una sociedad m\u00e1s humana, justa y equitativa. La gesti\u00f3n deber\u00e1 ser humanizadora, con el fin de empoderar a la comunidad, para mejorar su calidad de vida.<br \/>Los datos personales en custodia y bajo la directriz de LA ASOCIACI\u00d3N DE EXALUMNAS LA ENSE\u00d1ANZA en su condici\u00f3n de Responsable y\/o Encargado seg\u00fan el caso, ser\u00e1n tratados cumpliendo los principios y regulaciones previstas en las leyes colombianas y las buenas pr\u00e1cticas aplicables al r\u00e9gimen de protecci\u00f3n de datos personales. En consecuencia, ser\u00e1n tratados conforme a las siguientes finalidades de car\u00e1cter general:<\/p>\n<p>\u2022 Para cumplir con las obligaciones derivadas de los contratos y dem\u00e1s negocios jur\u00eddicos que celebra LA ASOCIACI\u00d3N DE EXALUMNAS LA ENSE\u00d1ANZA en ejercicio de su actividad principal, la cual tiene por objeto buscar el desarrollo humano integral de las exalumnas de la compa\u00f1\u00eda de Mar\u00eda y la b\u00fasqueda de una sociedad m\u00e1s humana y justa, mediante la organizaci\u00f3n de programas orientados a comunidades vulnerables, en educaci\u00f3n, capacitaci\u00f3n, recreaci\u00f3n, salud y empleo.<br \/>\u2022 Para el cumplimiento de las obligaciones y\/o compromisos derivados de las relaciones, contractuales o no, existentes con sus grupos de inter\u00e9s.<br \/>\u2022 Para el cumplimiento de las obligaciones legales que involucren datos personales de sus grupos de inter\u00e9s.<br \/>\u2022 Para la gesti\u00f3n del talento humano y bienestar social de sus grupos de inter\u00e9s.<br \/>\u2022 Para la gesti\u00f3n comercial y relacionamiento con sus grupos de inter\u00e9s.<br \/>\u2022 Para comunicar a sus grupos de inter\u00e9s informaci\u00f3n sobre sus bienes, servicios, publicaciones, eventos de capacitaci\u00f3n, actividades comerciales y publicidad asociada a las actividades de las obras sociales que coordina, sea que se realice de manera directa o no.&nbsp;<br \/>\u2022 Para desplegar hacia sus grupos de inter\u00e9s actividades de responsabilidad social.<br \/>\u2022 Para gestionar la seguridad de las personas, bienes y activos de informaci\u00f3n en custodia de la organizaci\u00f3n.&nbsp;<\/p>\n<p>En cada uno de los procesos institucionales, y acorde con los datos personales recolectados y tratamiento a realizar, en el respectivo Aviso de Privacidad se informar\u00e1n de forma previa las finalidades particulares; nombre o raz\u00f3n social y datos de contacto del Responsable o Encargado del tratamiento; si el tratamiento se efectuara por un encargado, tal encargado estar\u00e1 bajo la direcci\u00f3n de <strong>LA ASOCIACI\u00d3N DE EXALUMNAS LA ENSE\u00d1ANZA<\/strong>.<\/p>\n<p>Los derechos que le asisten al titular y los mecanismos dispuestos por <strong>LA ASOCIACI\u00d3N DE EXALUMNAS LA ENSE\u00d1ANZA<\/strong> para dar a conocer las Pol\u00edticas de Privacidad, ser\u00e1n implementados acorde con el desarrollo del programa de Responsabilidad Demostrada al interior de la organizaci\u00f3n.<\/p>\n<p>Cualquier persona que haga parte de uno de los grupos de inter\u00e9s, en su condici\u00f3n de titular o leg\u00edtimamente autorizado, en relaci\u00f3n con el tratamiento de sus datos personales tiene derecho a:<\/p>\n<p>\u2022 Ejercer su derecho de Habeas Data consistente en conocer, actualizar, rectificar su informaci\u00f3n de car\u00e1cter personal. Tambi\u00e9n podr\u00e1 oponerse y cancelar sus datos e informaci\u00f3n personal en aquellos casos en que proceda.<br \/>\u2022 Evidenciar la existencia del consentimiento otorgado, salvo que exista autorizaci\u00f3n legal para el tratamiento o el mismo se realice en el marco de un contrato.<br \/>\u2022 Ejercer las acciones que la ley reconoce en materia de protecci\u00f3n de datos personales y habeas data.<\/p>\n<p>Para el ejercicio del Habeas Data, el titular del dato personal o quien demuestre un leg\u00edtimo inter\u00e9s conforme lo se\u00f1alado en la normatividad vigente, podr\u00e1 hacerlo a trav\u00e9s del siguiente correo electr\u00f3nico info@exalumnasensenanza.com o dirigiendo una comunicaci\u00f3n a la siguiente direcci\u00f3n: Calle 32 B No. 65 A-29 Medell\u00edn.<\/p>\n<p>Quien ejerza el habeas data deber\u00e1 suministrar con precisi\u00f3n los datos de contacto solicitados para efecto de tramitar, atender y responder su solicitud y desplegar las cargas para el ejercicio de sus derechos. Para efectos se podr\u00e1n disponer de los formularios respectivos que aseguren al titular del dato el ejercicio de sus derechos.<\/p>\n<p>Recibida la solicitud de ejercicio de Habeas Data, LA ASOCIACI\u00d3N DE EXALUMNAS LA ENSE\u00d1ANZA dar\u00e1 respuesta en los t\u00e9rminos de la ley.&nbsp;<\/p>\n<p>Esta pol\u00edtica ha sido aprobada por el Representante Legal de LA ASOCIACI\u00d3N DE EXALUMNAS LA ENSE\u00d1ANZA el d\u00eda 25 de agosto de 2021, y reemplaza la versi\u00f3n 0.1 anterior de esta pol\u00edtica y se comunica en el portal web de la instituci\u00f3n.<\/p>\n<p>\n<\/div><\/div><\/div><\/div><\/div><\/div><script id=\"script-row-unique-0\" data-row=\"script-row-unique-0\" type=\"text\/javascript\" class=\"vc_controls\">UNCODE.initRow(document.getElementById(\"row-unique-0\"));<\/script><\/div><\/div><\/div>\n<\/div>","protected":false},"excerpt":{"rendered":"POL\u00cdTICA DE PRIVACIDAD&nbsp; La ASOCIACI\u00d3N DE EXALUMNAS DEL COLEGIO DE LA COMPA\u00d1\u00cdA DE MAR\u00cdA LA ENSE\u00d1ANZA, en adelante y para [...]","protected":false},"author":2,"featured_media":0,"parent":0,"menu_order":0,"comment_status":"closed","ping_status":"closed","template":"","meta":{"_joinchat":[],"footnotes":""},"class_list":["post-3","page","type-page","status-publish","hentry"],"yoast_head":"<!-- This site is optimized with the Yoast SEO plugin v27.3 - https:\/\/yoast.com\/product\/yoast-seo-wordpress\/ -->\n<title>Pol\u00edtica de Privacidad - Asociaci\u00f3n de Exalumnas La Ense\u00f1anza<\/title>\n<meta name=\"robots\" content=\"index, follow, max-snippet:-1, max-image-preview:large, max-video-preview:-1\" \/>\n<link rel=\"canonical\" href=\"https:\/\/exalumnasensenanza.co\/es_es\/politica-de-privacidad\/\" \/>\n<meta property=\"og:locale\" content=\"es_ES\" \/>\n<meta property=\"og:type\" content=\"article\" \/>\n<meta property=\"og:title\" content=\"Pol\u00edtica de Privacidad - Asociaci\u00f3n de Exalumnas La Ense\u00f1anza\" \/>\n<meta property=\"og:url\" content=\"https:\/\/exalumnasensenanza.co\/es_es\/politica-de-privacidad\/\" \/>\n<meta property=\"og:site_name\" content=\"Asociaci\u00f3n de Exalumnas La Ense\u00f1anza\" \/>\n<meta property=\"article:publisher\" content=\"https:\/\/www.facebook.com\/exalumnaslaensenanza\" \/>\n<meta property=\"article:modified_time\" content=\"2026-05-05T13:29:28+00:00\" \/>\n<meta name=\"twitter:card\" content=\"summary_large_image\" \/>\n<meta name=\"twitter:label1\" content=\"Tiempo de lectura\" \/>\n\t<meta name=\"twitter:data1\" content=\"5 minutos\" \/>\n<script type=\"application\/ld+json\" class=\"yoast-schema-graph\">{\"@context\":\"https:\\\/\\\/schema.org\",\"@graph\":[{\"@type\":\"WebPage\",\"@id\":\"https:\\\/\\\/exalumnasensenanza.co\\\/politica-de-privacidad\\\/\",\"url\":\"https:\\\/\\\/exalumnasensenanza.co\\\/politica-de-privacidad\\\/\",\"name\":\"Pol\u00edtica de Privacidad - Asociaci\u00f3n de Exalumnas La Ense\u00f1anza\",\"isPartOf\":{\"@id\":\"https:\\\/\\\/exalumnasensenanza.co\\\/#website\"},\"datePublished\":\"2026-01-16T17:11:06+00:00\",\"dateModified\":\"2026-05-05T13:29:28+00:00\",\"breadcrumb\":{\"@id\":\"https:\\\/\\\/exalumnasensenanza.co\\\/politica-de-privacidad\\\/#breadcrumb\"},\"inLanguage\":\"es\",\"potentialAction\":[{\"@type\":\"ReadAction\",\"target\":[\"https:\\\/\\\/exalumnasensenanza.co\\\/politica-de-privacidad\\\/\"]}]},{\"@type\":\"BreadcrumbList\",\"@id\":\"https:\\\/\\\/exalumnasensenanza.co\\\/politica-de-privacidad\\\/#breadcrumb\",\"itemListElement\":[{\"@type\":\"ListItem\",\"position\":1,\"name\":\"Home\",\"item\":\"https:\\\/\\\/exalumnasensenanza.co\\\/\"},{\"@type\":\"ListItem\",\"position\":2,\"name\":\"Pol\u00edtica de Privacidad\"}]},{\"@type\":\"WebSite\",\"@id\":\"https:\\\/\\\/exalumnasensenanza.co\\\/#website\",\"url\":\"https:\\\/\\\/exalumnasensenanza.co\\\/\",\"name\":\"Asociaci\u00f3n de Exalumnas La Ense\u00f1anza\",\"description\":\"Tender la Mano para Cuidar y Servir\",\"publisher\":{\"@id\":\"https:\\\/\\\/exalumnasensenanza.co\\\/#organization\"},\"potentialAction\":[{\"@type\":\"SearchAction\",\"target\":{\"@type\":\"EntryPoint\",\"urlTemplate\":\"https:\\\/\\\/exalumnasensenanza.co\\\/?s={search_term_string}\"},\"query-input\":{\"@type\":\"PropertyValueSpecification\",\"valueRequired\":true,\"valueName\":\"search_term_string\"}}],\"inLanguage\":\"es\"},{\"@type\":\"Organization\",\"@id\":\"https:\\\/\\\/exalumnasensenanza.co\\\/#organization\",\"name\":\"Asociaci\u00f3n de Exalumnas La Ense\u00f1anza\",\"alternateName\":\"Exalumnas La Ense\u00f1anza\",\"url\":\"https:\\\/\\\/exalumnasensenanza.co\\\/\",\"logo\":{\"@type\":\"ImageObject\",\"inLanguage\":\"es\",\"@id\":\"https:\\\/\\\/exalumnasensenanza.co\\\/#\\\/schema\\\/logo\\\/image\\\/\",\"url\":\"https:\\/\\/exalumnasensenanza.co\\/wp-content\\/uploads\\/2026\\/02\\/LOGO-FAVICON-ELE-WEB.png\",\"contentUrl\":\"https:\\/\\/exalumnasensenanza.co\\/wp-content\\/uploads\\/2026\\/02\\/LOGO-FAVICON-ELE-WEB.png\",\"width\":512,\"height\":512,\"caption\":\"Asociaci\u00f3n de Exalumnas La Ense\u00f1anza\"},\"image\":{\"@id\":\"https:\\\/\\\/exalumnasensenanza.co\\\/#\\\/schema\\\/logo\\\/image\\\/\"},\"sameAs\":[\"https:\\\/\\\/www.facebook.com\\\/exalumnaslaensenanza\",\"https:\\\/\\\/www.instagram.com\\\/exalumnaslaensenanza\\\/\",\"https:\\\/\\\/www.youtube.com\\\/@ExalumnasLaEnsenanza\",\"https:\\\/\\\/open.spotify.com\\\/show\\\/2fVy0odrwHydzK8LqIALy9?si=df23a63a7d1844cb\"]}]}<\/script>\n<!-- \/ Yoast SEO plugin. -->","yoast_head_json":{"title":"Pol\u00edtica de Privacidad - Asociaci\u00f3n de Exalumnas La Ense\u00f1anza","robots":{"index":"index","follow":"follow","max-snippet":"max-snippet:-1","max-image-preview":"max-image-preview:large","max-video-preview":"max-video-preview:-1"},"canonical":"https:\/\/exalumnasensenanza.co\/es_es\/politica-de-privacidad\/","og_locale":"es_ES","og_type":"article","og_title":"Pol\u00edtica de Privacidad - Asociaci\u00f3n de Exalumnas La Ense\u00f1anza","og_url":"https:\/\/exalumnasensenanza.co\/es_es\/politica-de-privacidad\/","og_site_name":"Asociaci\u00f3n de Exalumnas La Ense\u00f1anza","article_publisher":"https:\/\/www.facebook.com\/exalumnaslaensenanza","article_modified_time":"2026-05-05T13:29:28+00:00","twitter_card":"summary_large_image","twitter_misc":{"Tiempo de lectura":"5 minutos"},"schema":{"@context":"https:\/\/schema.org","@graph":[{"@type":"WebPage","@id":"https:\/\/exalumnasensenanza.co\/politica-de-privacidad\/","url":"https:\/\/exalumnasensenanza.co\/politica-de-privacidad\/","name":"Pol\u00edtica de Privacidad - Asociaci\u00f3n de Exalumnas La Ense\u00f1anza","isPartOf":{"@id":"https:\/\/exalumnasensenanza.co\/#website"},"datePublished":"2026-01-16T17:11:06+00:00","dateModified":"2026-05-05T13:29:28+00:00","breadcrumb":{"@id":"https:\/\/exalumnasensenanza.co\/politica-de-privacidad\/#breadcrumb"},"inLanguage":"es","potentialAction":[{"@type":"ReadAction","target":["https:\/\/exalumnasensenanza.co\/politica-de-privacidad\/"]}]},{"@type":"BreadcrumbList","@id":"https:\/\/exalumnasensenanza.co\/politica-de-privacidad\/#breadcrumb","itemListElement":[{"@type":"ListItem","position":1,"name":"Home","item":"https:\/\/exalumnasensenanza.co\/"},{"@type":"ListItem","position":2,"name":"Pol\u00edtica de Privacidad"}]},{"@type":"WebSite","@id":"https:\/\/exalumnasensenanza.co\/#website","url":"https:\/\/exalumnasensenanza.co\/","name":"Asociaci\u00f3n de Exalumnas La Ense\u00f1anza","description":"Tender la Mano para Cuidar y Servir","publisher":{"@id":"https:\/\/exalumnasensenanza.co\/#organization"},"potentialAction":[{"@type":"SearchAction","target":{"@type":"EntryPoint","urlTemplate":"https:\/\/exalumnasensenanza.co\/?s={search_term_string}"},"query-input":{"@type":"PropertyValueSpecification","valueRequired":true,"valueName":"search_term_string"}}],"inLanguage":"es"},{"@type":"Organization","@id":"https:\/\/exalumnasensenanza.co\/#organization","name":"Asociaci\u00f3n de Exalumnas La Ense\u00f1anza","alternateName":"Exalumnas La Ense\u00f1anza","url":"https:\/\/exalumnasensenanza.co\/","logo":{"@type":"ImageObject","inLanguage":"es","@id":"https:\/\/exalumnasensenanza.co\/#\/schema\/logo\/image\/","url":"https:\/\/mlzbo0w8r27k.i.optimole.com\/w:auto\/h:auto\/q:mauto\/f:best\/https:\/\/exalumnasensenanza.co\/wp-content\/uploads\/2026\/02\/LOGO-FAVICON-ELE-WEB.png","contentUrl":"https:\/\/mlzbo0w8r27k.i.optimole.com\/w:auto\/h:auto\/q:mauto\/f:best\/https:\/\/exalumnasensenanza.co\/wp-content\/uploads\/2026\/02\/LOGO-FAVICON-ELE-WEB.png","width":512,"height":512,"caption":"Asociaci\u00f3n de Exalumnas La Ense\u00f1anza"},"image":{"@id":"https:\/\/exalumnasensenanza.co\/#\/schema\/logo\/image\/"},"sameAs":["https:\/\/www.facebook.com\/exalumnaslaensenanza","https:\/\/www.instagram.com\/exalumnaslaensenanza\/","https:\/\/www.youtube.com\/@ExalumnasLaEnsenanza","https:\/\/open.spotify.com\/show\/2fVy0odrwHydzK8LqIALy9?si=df23a63a7d1844cb"]}]}},"_links":{"self":[{"href":"https:\/\/exalumnasensenanza.co\/es_es\/wp-json\/wp\/v2\/pages\/3","targetHints":{"allow":["GET"]}}],"collection":[{"href":"https:\/\/exalumnasensenanza.co\/es_es\/wp-json\/wp\/v2\/pages"}],"about":[{"href":"https:\/\/exalumnasensenanza.co\/es_es\/wp-json\/wp\/v2\/types\/page"}],"author":[{"embeddable":true,"href":"https:\/\/exalumnasensenanza.co\/es_es\/wp-json\/wp\/v2\/users\/2"}],"replies":[{"embeddable":true,"href":"https:\/\/exalumnasensenanza.co\/es_es\/wp-json\/wp\/v2\/comments?post=3"}],"version-history":[{"count":2,"href":"https:\/\/exalumnasensenanza.co\/es_es\/wp-json\/wp\/v2\/pages\/3\/revisions"}],"predecessor-version":[{"id":172114,"href":"https:\/\/exalumnasensenanza.co\/es_es\/wp-json\/wp\/v2\/pages\/3\/revisions\/172114"}],"wp:attachment":[{"href":"https:\/\/exalumnasensenanza.co\/es_es\/wp-json\/wp\/v2\/media?parent=3"}],"curies":[{"name":"wp","href":"https:\/\/api.w.org\/{rel}","templated":true}]}}