{"id":168848,"date":"2026-02-27T06:38:16","date_gmt":"2026-02-27T11:38:16","guid":{"rendered":"https:\/\/exalumnasensenanza.co\/?page_id=168848"},"modified":"2026-03-24T13:31:09","modified_gmt":"2026-03-24T18:31:09","slug":"regimen-tributario-especial","status":"publish","type":"page","link":"https:\/\/exalumnasensenanza.co\/es_es\/regimen-tributario-especial\/","title":{"rendered":"R\u00e9gimen Tributario Especial"},"content":{"rendered":"<div class=\"wpb-content-wrapper\"><div data-sticky class=\"data-sticky\"><div data-parent=\"true\" class=\"vc_row scroll-trigger-el scroll-trigger-el-mobile scroll-trigger-el-tablet scroll-trigger-parent has-bg need-focus style-color-xsdn-bg parallax-move row-container mobile-hidden\"data-sticky-trigger=\"scroll-trigger\" data-anim-state=\"end\" data-anim-sticky=\"\" data-anim-els=\"\" data-anim-x=\"0\" data-anim-y=\"0\" data-anim-blur=\"0\" data-anim-perspective=\"0\" data-anim-rotate=\"0\" data-anim-origin=\"center\" data-anim-target=\"el\" data-anim-scale=\"100\" data-anim-scale-step=\"\" data-anim-opacity=\"0\" data-anim-radius=\"\" data-anim-radius-unit=\"\" data-anim-start=\"\" data-anim-top=\"0\" data-anim-bottom=\"85\" data-anim-safe=\"\" data-anim-ease=\"none\" data-parallax-move=\"3\" id=\"row-unique-0\"><div class=\"row-background background-element\" style=\"opacity: 1;\">\n\t\t\t\t\t\t\t\t\t\t\t<div class=\"background-wrapper\">\n\t\t\t\t\t\t\t\t\t\t\t\t<div class=\"background-inner\"><\/div>\n\t\t\t\t\t\t\t\t\t\t\t\t<div class=\"block-bg-overlay style-overlay_color-170597-bg\" style=\"opacity: 0;\"><\/div>\n\t\t\t\t\t\t\t\t\t\t\t<\/div>\n\t\t\t\t\t\t\t\t\t\t<\/div><div class=\"row unequal no-top-padding one-bottom-padding single-h-padding full-width row-parent\" data-height-ratio=\"65\"><div class=\"wpb_row row-inner\"><div class=\"wpb_column pos-middle pos-center align_left column_parent col-lg-12 no-internal-gutter\"><div class=\"uncol style-spec style-dark\"  ><div class=\"uncoltable\"><div class=\"uncell single-block-padding  unradius-xl with-kburns\" ><div class=\"column-background background-element\">\n\t\t\t\t\t\t\t\t\t\t\t<div class=\"background-wrapper\">\n\t\t\t\t\t\t\t\t\t\t\t\t<div class=\"background-inner\" style=\"background-image: url(https:\/\/mlzbo0w8r27k.i.optimole.com\/w:auto\/h:auto\/q:mauto\/f:best\/https:\/\/exalumnasensenanza.co\/wp-content\/uploads\/2026\/02\/Banner-Estatutos-Asociacion-Web-Ele.webp);background-repeat: no-repeat;background-position: center center;background-size: cover;\" data-o_src=\"https:\/\/mlzbo0w8r27k.i.optimole.com\/w:auto\/h:auto\/q:mauto\/f:best\/https:\/\/exalumnasensenanza.co\/wp-content\/uploads\/2026\/02\/Banner-Estatutos-Asociacion-Web-Ele.webp\"><\/div>\n\t\t\t\t\t\t\t\t\t\t\t\t<div class=\"block-bg-overlay style-color-210407-bg\" style=\"opacity: 0.5;\"><\/div>\n\t\t\t\t\t\t\t\t\t\t\t<\/div>\n\t\t\t\t\t\t\t\t\t\t<\/div><div class=\"uncont\" ><\/div><\/div><\/div><\/div><\/div><script id=\"script-row-unique-0\" data-row=\"script-row-unique-0\" type=\"text\/javascript\" class=\"vc_controls\">UNCODE.initRow(document.getElementById(\"row-unique-0\"));<\/script><\/div><\/div><\/div><\/div><div data-parent=\"true\" class=\"vc_row has-bg need-focus style-color-xsdn-bg row-container\" id=\"row-unique-1\"><div class=\"row double-top-padding single-bottom-padding single-h-padding full-width row-parent\"><div class=\"wpb_row row-inner\"><div class=\"wpb_column pos-middle pos-center align_center column_parent col-lg-12 half-internal-gutter\"><div class=\"uncol style-light\"  ><div class=\"uncoltable\"><div class=\"uncell no-block-padding\" ><div class=\"uncont\" ><div class=\"vc_custom_heading_wrap mobile-hidden\"><div class=\"heading-text el-text\" ><h2 class=\"font-154727 fontsize-210105 fontheight-179065 fontspace-111509 font-weight-500 text-color-210407-color badge-style unradius-xl style-accent-bg\" ><span>Descargar archivo Zip de los documentos<br \/><\/span><span>del R\u00e9gimen Tributario Especial<\/span><\/h2><\/div><div class=\"clear\"><\/div><\/div><span class=\"btn-container animate_when_almost_visible bottom-t-top\" data-delay=\"1400\"><a role=\"button\"  href=\"https:\/\/exalumnasensenanza.co\/wp-content\/uploads\/2026\/02\/Documentos-Regimen-Tributario-Especial.zip\" class=\"custom-link btn btn-custom-typo font-154727 font-weight-600 text-initial no-letterspace border-width-1 btn-color-210407 btn-circle btn-flat btn-icon-left btn-ripple-out btn-border-animated\" title=\"Acerca de Nosotros\" target=\"_blank\">Descargar<\/a><\/span><\/div><\/div><\/div><\/div><\/div><script id=\"script-row-unique-1\" data-row=\"script-row-unique-1\" type=\"text\/javascript\" class=\"vc_controls\">UNCODE.initRow(document.getElementById(\"row-unique-1\"));<\/script><\/div><\/div><\/div><div data-parent=\"true\" class=\"vc_row has-bg need-focus style-color-xsdn-bg vc_custom_1772190874518 border-color-gyho-color row-container\" style=\"border-style: solid;border-top-width: 1px ;\" id=\"row-unique-2\"><div class=\"row unequal-flex col-half-gutter one-top-padding single-bottom-padding double-h-padding full-width row-parent\"><div class=\"wpb_row row-inner\"><div class=\"wpb_column pos-justify pos-center align_center column_parent col-lg-6 double-internal-gutter\"><div class=\"uncol style-light font-161747\"  ><div class=\"uncoltable\"><div class=\"uncell double-block-padding style-back_color-195887-bg has-bg  unradius-lg\" ><div class=\"uncont\" >\n\t<div class=\"wpb_raw_code wpb_raw_html\" >\n\t\t<div class=\"wpb_wrapper\">\n\t\t\t<a href=\"https:\/\/exalumnasensenanza.co\/wp-content\/uploads\/2026\/02\/ESTATUTOS-ASOCIACION-EXALUMNAS-LA-ENSENANZA-2026.pdf\" class=\"pdfemb-viewer\" style=\"\" data-width=\"max\" data-height=\"max\" data-toolbar=\"bottom\" data-toolbar-fixed=\"on\">ESTATUTOS-ASOCIACION-EXALUMNAS-LA-ENSENANZA-2026<\/a>\n\t\t<\/div>\n\t<\/div>\n<\/div><\/div><\/div><\/div><\/div><div class=\"wpb_column pos-top pos-center align_center column_parent col-lg-6 no-internal-gutter\"><div class=\"uncol style-light\"  ><div class=\"uncoltable\"><div class=\"uncell single-block-padding\" ><div class=\"uncont\" >\n\t<div class=\"wpb_raw_code wpb_raw_html\" >\n\t\t<div class=\"wpb_wrapper\">\n\t\t\t<a href=\"https:\/\/exalumnasensenanza.co\/wp-content\/uploads\/2026\/02\/PROYECTO-DE-PRESUPUESTO-2025-ASOEX.pdf\" class=\"pdfemb-viewer\" style=\"\" data-width=\"max\" data-height=\"max\" data-toolbar=\"bottom\" data-toolbar-fixed=\"on\">PROYECTO-DE-PRESUPUESTO-2025-ASOEX<\/a>\n\t\t<\/div>\n\t<\/div>\n<\/div><\/div><\/div><\/div><\/div><script id=\"script-row-unique-2\" data-row=\"script-row-unique-2\" type=\"text\/javascript\" class=\"vc_controls\">UNCODE.initRow(document.getElementById(\"row-unique-2\"));<\/script><\/div><\/div><\/div><div data-parent=\"true\" class=\"vc_row has-bg need-focus style-color-xsdn-bg vc_custom_1772190874518 border-color-gyho-color row-container\" style=\"border-style: solid;border-top-width: 1px ;\" id=\"row-unique-3\"><div class=\"row unequal-flex col-half-gutter one-top-padding single-bottom-padding double-h-padding full-width row-parent\"><div class=\"wpb_row row-inner\"><div class=\"wpb_column pos-justify pos-center align_center column_parent col-lg-6 double-internal-gutter\"><div class=\"uncol style-light font-161747\"  ><div class=\"uncoltable\"><div class=\"uncell double-block-padding style-back_color-195887-bg has-bg  unradius-lg\" ><div class=\"uncont\" >\n\t<div class=\"wpb_raw_code wpb_raw_html\" >\n\t\t<div class=\"wpb_wrapper\">\n\t\t\t<a href=\"https:\/\/exalumnasensenanza.co\/wp-content\/uploads\/2026\/02\/ACTA-ASAMBLEA-42-MARZO-20-DE-2025.pdf\" class=\"pdfemb-viewer\" style=\"\" data-width=\"max\" data-height=\"max\" data-toolbar=\"bottom\" data-toolbar-fixed=\"on\">ACTA-ASAMBLEA-42-MARZO-20-DE-2025<\/a>\n\t\t<\/div>\n\t<\/div>\n<\/div><\/div><\/div><\/div><\/div><div class=\"wpb_column pos-top pos-center align_center column_parent col-lg-6 no-internal-gutter\"><div class=\"uncol style-light\"  ><div class=\"uncoltable\"><div class=\"uncell single-block-padding\" ><div class=\"uncont\" >\n\t<div class=\"wpb_raw_code wpb_raw_html\" >\n\t\t<div class=\"wpb_wrapper\">\n\t\t\t<a href=\"https:\/\/exalumnasensenanza.co\/wp-content\/uploads\/2026\/03\/Balance-Social-Asociacion-Exalumnas-Marzo-2026.pdf\" class=\"pdfemb-viewer\" style=\"\" data-width=\"max\" data-height=\"max\" data-toolbar=\"bottom\" data-toolbar-fixed=\"on\">Balance-Social-Asociacion-Exalumnas-Marzo-2026<\/a>\n\t\t<\/div>\n\t<\/div>\n<\/div><\/div><\/div><\/div><\/div><script id=\"script-row-unique-3\" data-row=\"script-row-unique-3\" type=\"text\/javascript\" class=\"vc_controls\">UNCODE.initRow(document.getElementById(\"row-unique-3\"));<\/script><\/div><\/div><\/div><div data-parent=\"true\" class=\"vc_row has-bg need-focus style-color-xsdn-bg vc_custom_1772190874518 border-color-gyho-color row-container\" style=\"border-style: solid;border-top-width: 1px ;\" id=\"row-unique-4\"><div class=\"row unequal-flex col-half-gutter one-top-padding single-bottom-padding double-h-padding full-width row-parent\"><div class=\"wpb_row row-inner\"><div class=\"wpb_column pos-justify pos-center align_center column_parent col-lg-6 double-internal-gutter\"><div class=\"uncol style-light font-161747\"  ><div class=\"uncoltable\"><div class=\"uncell double-block-padding style-back_color-195887-bg has-bg  unradius-lg\" ><div class=\"uncont\" >\n\t<div class=\"wpb_raw_code wpb_raw_html\" >\n\t\t<div class=\"wpb_wrapper\">\n\t\t\t<a href=\"https:\/\/exalumnasensenanza.co\/wp-content\/uploads\/2026\/02\/CERTIFICADO-EXISTENCIA-Y-REPRESENTACION-LEGAL-MARZO-25-2025.pdf\" class=\"pdfemb-viewer\" style=\"\" data-width=\"max\" data-height=\"max\" data-toolbar=\"bottom\" data-toolbar-fixed=\"on\">CERTIFICADO-EXISTENCIA-Y-REPRESENTACION-LEGAL-MARZO-25-2025<\/a>\n\t\t<\/div>\n\t<\/div>\n<\/div><\/div><\/div><\/div><\/div><div class=\"wpb_column pos-top pos-center align_center column_parent col-lg-6 no-internal-gutter\"><div class=\"uncol style-light\"  ><div class=\"uncoltable\"><div class=\"uncell single-block-padding\" ><div class=\"uncont\" >\n\t<div class=\"wpb_raw_code wpb_raw_html\" >\n\t\t<div class=\"wpb_wrapper\">\n\t\t\t<a href=\"https:\/\/exalumnasensenanza.co\/wp-content\/uploads\/2026\/03\/INFORMES-FINANCIEROS-ASOCIACION-2024-2025-BAJO-NIIF.pdf\" class=\"pdfemb-viewer\" style=\"\" data-width=\"max\" data-height=\"max\" data-toolbar=\"bottom\" data-toolbar-fixed=\"on\">INFORMES-FINANCIEROS-ASOCIACION-2024-2025-BAJO-NIIF<\/a>\n\t\t<\/div>\n\t<\/div>\n<\/div><\/div><\/div><\/div><\/div><script id=\"script-row-unique-4\" data-row=\"script-row-unique-4\" type=\"text\/javascript\" class=\"vc_controls\">UNCODE.initRow(document.getElementById(\"row-unique-4\"));<\/script><\/div><\/div><\/div><div data-parent=\"true\" class=\"vc_row has-bg need-focus style-color-xsdn-bg vc_custom_1772190874518 border-color-gyho-color row-container\" style=\"border-style: solid;border-top-width: 1px ;\" id=\"row-unique-5\"><div class=\"row unequal-flex col-half-gutter one-top-padding single-bottom-padding double-h-padding full-width row-parent\"><div class=\"wpb_row row-inner\"><div class=\"wpb_column pos-justify pos-center align_center column_parent col-lg-6 double-internal-gutter\"><div class=\"uncol style-light font-161747\"  ><div class=\"uncoltable\"><div class=\"uncell double-block-padding style-back_color-195887-bg has-bg  unradius-lg\" ><div class=\"uncont\" >\n\t<div class=\"wpb_raw_code wpb_raw_html\" >\n\t\t<div class=\"wpb_wrapper\">\n\t\t\t<a href=\"https:\/\/exalumnasensenanza.co\/wp-content\/uploads\/2026\/02\/ESF-NIIF-ASOEX-2023-2024.pdf\" class=\"pdfemb-viewer\" style=\"\" data-width=\"max\" data-height=\"max\" data-toolbar=\"bottom\" data-toolbar-fixed=\"on\">ESF-NIIF-ASOEX-2023-2024<\/a>\n\t\t<\/div>\n\t<\/div>\n<\/div><\/div><\/div><\/div><\/div><div class=\"wpb_column pos-top pos-center align_center column_parent col-lg-6 no-internal-gutter\"><div class=\"uncol style-light\"  ><div class=\"uncoltable\"><div class=\"uncell single-block-padding\" ><div class=\"uncont\" >\n\t<div class=\"wpb_raw_code wpb_raw_html\" >\n\t\t<div class=\"wpb_wrapper\">\n\t\t\t<a href=\"https:\/\/exalumnasensenanza.co\/wp-content\/uploads\/2026\/02\/NOTAS-A-LOS-ESF-2023-2024-ASOEX.pdf\" class=\"pdfemb-viewer\" style=\"\" data-width=\"max\" data-height=\"max\" data-toolbar=\"bottom\" data-toolbar-fixed=\"on\">NOTAS-A-LOS-ESF-2023-2024-ASOEX<\/a>\n\t\t<\/div>\n\t<\/div>\n<\/div><\/div><\/div><\/div><\/div><script id=\"script-row-unique-5\" data-row=\"script-row-unique-5\" type=\"text\/javascript\" class=\"vc_controls\">UNCODE.initRow(document.getElementById(\"row-unique-5\"));<\/script><\/div><\/div><\/div>\n<\/div>","protected":false},"excerpt":{"rendered":"Descargar archivo Zip de los documentosdel R\u00e9gimen Tributario EspecialDescargar ESTATUTOS-ASOCIACION-EXALUMNAS-LA-ENSENANZA-2026 PROYECTO-DE-PRESUPUESTO-2025-ASOEX ACTA-ASAMBLEA-42-MARZO-20-DE-2025 Balance-Social-Asociacion-Exalumnas-Marzo-2026 CERTIFICADO-EXISTENCIA-Y-REPRESENTACION-LEGAL-MARZO-25-2025 INFORMES-FINANCIEROS-ASOCIACION-2024-2025-BAJO-NIIF ESF-NIIF-ASOEX-2023-2024 NOTAS-A-LOS-ESF-2023-2024-ASOEX","protected":false},"author":2,"featured_media":0,"parent":0,"menu_order":0,"comment_status":"closed","ping_status":"closed","template":"","meta":{"_joinchat":[],"footnotes":""},"class_list":["post-168848","page","type-page","status-publish","hentry"],"yoast_head":"<!-- This site is optimized with the Yoast SEO plugin v27.3 - https:\/\/yoast.com\/product\/yoast-seo-wordpress\/ -->\n<title>R\u00e9gimen Tributario Especial - Asociaci\u00f3n de Exalumnas La Ense\u00f1anza<\/title>\n<meta name=\"robots\" content=\"index, follow, max-snippet:-1, max-image-preview:large, max-video-preview:-1\" \/>\n<link rel=\"canonical\" href=\"https:\/\/exalumnasensenanza.co\/es_es\/regimen-tributario-especial\/\" \/>\n<meta property=\"og:locale\" content=\"es_ES\" \/>\n<meta property=\"og:type\" content=\"article\" \/>\n<meta property=\"og:title\" content=\"R\u00e9gimen Tributario Especial - Asociaci\u00f3n de Exalumnas La Ense\u00f1anza\" \/>\n<meta property=\"og:url\" content=\"https:\/\/exalumnasensenanza.co\/es_es\/regimen-tributario-especial\/\" \/>\n<meta property=\"og:site_name\" content=\"Asociaci\u00f3n de Exalumnas La Ense\u00f1anza\" \/>\n<meta property=\"article:publisher\" content=\"https:\/\/www.facebook.com\/exalumnaslaensenanza\" \/>\n<meta property=\"article:modified_time\" content=\"2026-03-24T18:31:09+00:00\" \/>\n<meta name=\"twitter:card\" content=\"summary_large_image\" \/>\n<meta name=\"twitter:label1\" content=\"Tiempo de lectura\" \/>\n\t<meta name=\"twitter:data1\" content=\"3 minutos\" \/>\n<script type=\"application\/ld+json\" class=\"yoast-schema-graph\">{\"@context\":\"https:\\\/\\\/schema.org\",\"@graph\":[{\"@type\":\"WebPage\",\"@id\":\"https:\\\/\\\/exalumnasensenanza.co\\\/regimen-tributario-especial\\\/\",\"url\":\"https:\\\/\\\/exalumnasensenanza.co\\\/regimen-tributario-especial\\\/\",\"name\":\"R\u00e9gimen Tributario Especial - Asociaci\u00f3n de Exalumnas La Ense\u00f1anza\",\"isPartOf\":{\"@id\":\"https:\\\/\\\/exalumnasensenanza.co\\\/#website\"},\"datePublished\":\"2026-02-27T11:38:16+00:00\",\"dateModified\":\"2026-03-24T18:31:09+00:00\",\"breadcrumb\":{\"@id\":\"https:\\\/\\\/exalumnasensenanza.co\\\/regimen-tributario-especial\\\/#breadcrumb\"},\"inLanguage\":\"es\",\"potentialAction\":[{\"@type\":\"ReadAction\",\"target\":[\"https:\\\/\\\/exalumnasensenanza.co\\\/regimen-tributario-especial\\\/\"]}]},{\"@type\":\"BreadcrumbList\",\"@id\":\"https:\\\/\\\/exalumnasensenanza.co\\\/regimen-tributario-especial\\\/#breadcrumb\",\"itemListElement\":[{\"@type\":\"ListItem\",\"position\":1,\"name\":\"Home\",\"item\":\"https:\\\/\\\/exalumnasensenanza.co\\\/\"},{\"@type\":\"ListItem\",\"position\":2,\"name\":\"R\u00e9gimen Tributario Especial\"}]},{\"@type\":\"WebSite\",\"@id\":\"https:\\\/\\\/exalumnasensenanza.co\\\/#website\",\"url\":\"https:\\\/\\\/exalumnasensenanza.co\\\/\",\"name\":\"Asociaci\u00f3n de Exalumnas La Ense\u00f1anza\",\"description\":\"Tender la Mano para Cuidar y Servir\",\"publisher\":{\"@id\":\"https:\\\/\\\/exalumnasensenanza.co\\\/#organization\"},\"potentialAction\":[{\"@type\":\"SearchAction\",\"target\":{\"@type\":\"EntryPoint\",\"urlTemplate\":\"https:\\\/\\\/exalumnasensenanza.co\\\/?s={search_term_string}\"},\"query-input\":{\"@type\":\"PropertyValueSpecification\",\"valueRequired\":true,\"valueName\":\"search_term_string\"}}],\"inLanguage\":\"es\"},{\"@type\":\"Organization\",\"@id\":\"https:\\\/\\\/exalumnasensenanza.co\\\/#organization\",\"name\":\"Asociaci\u00f3n de Exalumnas La Ense\u00f1anza\",\"alternateName\":\"Exalumnas La Ense\u00f1anza\",\"url\":\"https:\\\/\\\/exalumnasensenanza.co\\\/\",\"logo\":{\"@type\":\"ImageObject\",\"inLanguage\":\"es\",\"@id\":\"https:\\\/\\\/exalumnasensenanza.co\\\/#\\\/schema\\\/logo\\\/image\\\/\",\"url\":\"https:\\/\\/exalumnasensenanza.co\\/wp-content\\/uploads\\/2026\\/02\\/LOGO-FAVICON-ELE-WEB.png\",\"contentUrl\":\"https:\\/\\/exalumnasensenanza.co\\/wp-content\\/uploads\\/2026\\/02\\/LOGO-FAVICON-ELE-WEB.png\",\"width\":512,\"height\":512,\"caption\":\"Asociaci\u00f3n de Exalumnas La Ense\u00f1anza\"},\"image\":{\"@id\":\"https:\\\/\\\/exalumnasensenanza.co\\\/#\\\/schema\\\/logo\\\/image\\\/\"},\"sameAs\":[\"https:\\\/\\\/www.facebook.com\\\/exalumnaslaensenanza\",\"https:\\\/\\\/www.instagram.com\\\/exalumnaslaensenanza\\\/\",\"https:\\\/\\\/www.youtube.com\\\/@ExalumnasLaEnsenanza\",\"https:\\\/\\\/open.spotify.com\\\/show\\\/2fVy0odrwHydzK8LqIALy9?si=df23a63a7d1844cb\"]}]}<\/script>\n<!-- \/ Yoast SEO plugin. -->","yoast_head_json":{"title":"R\u00e9gimen Tributario Especial - Asociaci\u00f3n de Exalumnas La Ense\u00f1anza","robots":{"index":"index","follow":"follow","max-snippet":"max-snippet:-1","max-image-preview":"max-image-preview:large","max-video-preview":"max-video-preview:-1"},"canonical":"https:\/\/exalumnasensenanza.co\/es_es\/regimen-tributario-especial\/","og_locale":"es_ES","og_type":"article","og_title":"R\u00e9gimen Tributario Especial - Asociaci\u00f3n de Exalumnas La Ense\u00f1anza","og_url":"https:\/\/exalumnasensenanza.co\/es_es\/regimen-tributario-especial\/","og_site_name":"Asociaci\u00f3n de Exalumnas La Ense\u00f1anza","article_publisher":"https:\/\/www.facebook.com\/exalumnaslaensenanza","article_modified_time":"2026-03-24T18:31:09+00:00","twitter_card":"summary_large_image","twitter_misc":{"Tiempo de lectura":"3 minutos"},"schema":{"@context":"https:\/\/schema.org","@graph":[{"@type":"WebPage","@id":"https:\/\/exalumnasensenanza.co\/regimen-tributario-especial\/","url":"https:\/\/exalumnasensenanza.co\/regimen-tributario-especial\/","name":"R\u00e9gimen Tributario Especial - Asociaci\u00f3n de Exalumnas La Ense\u00f1anza","isPartOf":{"@id":"https:\/\/exalumnasensenanza.co\/#website"},"datePublished":"2026-02-27T11:38:16+00:00","dateModified":"2026-03-24T18:31:09+00:00","breadcrumb":{"@id":"https:\/\/exalumnasensenanza.co\/regimen-tributario-especial\/#breadcrumb"},"inLanguage":"es","potentialAction":[{"@type":"ReadAction","target":["https:\/\/exalumnasensenanza.co\/regimen-tributario-especial\/"]}]},{"@type":"BreadcrumbList","@id":"https:\/\/exalumnasensenanza.co\/regimen-tributario-especial\/#breadcrumb","itemListElement":[{"@type":"ListItem","position":1,"name":"Home","item":"https:\/\/exalumnasensenanza.co\/"},{"@type":"ListItem","position":2,"name":"R\u00e9gimen Tributario Especial"}]},{"@type":"WebSite","@id":"https:\/\/exalumnasensenanza.co\/#website","url":"https:\/\/exalumnasensenanza.co\/","name":"Asociaci\u00f3n de Exalumnas La Ense\u00f1anza","description":"Tender la Mano para Cuidar y Servir","publisher":{"@id":"https:\/\/exalumnasensenanza.co\/#organization"},"potentialAction":[{"@type":"SearchAction","target":{"@type":"EntryPoint","urlTemplate":"https:\/\/exalumnasensenanza.co\/?s={search_term_string}"},"query-input":{"@type":"PropertyValueSpecification","valueRequired":true,"valueName":"search_term_string"}}],"inLanguage":"es"},{"@type":"Organization","@id":"https:\/\/exalumnasensenanza.co\/#organization","name":"Asociaci\u00f3n de Exalumnas La Ense\u00f1anza","alternateName":"Exalumnas La Ense\u00f1anza","url":"https:\/\/exalumnasensenanza.co\/","logo":{"@type":"ImageObject","inLanguage":"es","@id":"https:\/\/exalumnasensenanza.co\/#\/schema\/logo\/image\/","url":"https:\/\/mlzbo0w8r27k.i.optimole.com\/w:auto\/h:auto\/q:mauto\/f:best\/https:\/\/exalumnasensenanza.co\/wp-content\/uploads\/2026\/02\/LOGO-FAVICON-ELE-WEB.png","contentUrl":"https:\/\/mlzbo0w8r27k.i.optimole.com\/w:auto\/h:auto\/q:mauto\/f:best\/https:\/\/exalumnasensenanza.co\/wp-content\/uploads\/2026\/02\/LOGO-FAVICON-ELE-WEB.png","width":512,"height":512,"caption":"Asociaci\u00f3n de Exalumnas La Ense\u00f1anza"},"image":{"@id":"https:\/\/exalumnasensenanza.co\/#\/schema\/logo\/image\/"},"sameAs":["https:\/\/www.facebook.com\/exalumnaslaensenanza","https:\/\/www.instagram.com\/exalumnaslaensenanza\/","https:\/\/www.youtube.com\/@ExalumnasLaEnsenanza","https:\/\/open.spotify.com\/show\/2fVy0odrwHydzK8LqIALy9?si=df23a63a7d1844cb"]}]}},"_links":{"self":[{"href":"https:\/\/exalumnasensenanza.co\/es_es\/wp-json\/wp\/v2\/pages\/168848","targetHints":{"allow":["GET"]}}],"collection":[{"href":"https:\/\/exalumnasensenanza.co\/es_es\/wp-json\/wp\/v2\/pages"}],"about":[{"href":"https:\/\/exalumnasensenanza.co\/es_es\/wp-json\/wp\/v2\/types\/page"}],"author":[{"embeddable":true,"href":"https:\/\/exalumnasensenanza.co\/es_es\/wp-json\/wp\/v2\/users\/2"}],"replies":[{"embeddable":true,"href":"https:\/\/exalumnasensenanza.co\/es_es\/wp-json\/wp\/v2\/comments?post=168848"}],"version-history":[{"count":7,"href":"https:\/\/exalumnasensenanza.co\/es_es\/wp-json\/wp\/v2\/pages\/168848\/revisions"}],"predecessor-version":[{"id":171806,"href":"https:\/\/exalumnasensenanza.co\/es_es\/wp-json\/wp\/v2\/pages\/168848\/revisions\/171806"}],"wp:attachment":[{"href":"https:\/\/exalumnasensenanza.co\/es_es\/wp-json\/wp\/v2\/media?parent=168848"}],"curies":[{"name":"wp","href":"https:\/\/api.w.org\/{rel}","templated":true}]}}