{"id":11,"date":"2026-01-16T17:26:40","date_gmt":"2026-01-16T17:26:40","guid":{"rendered":"http:\/\/ele-theme-test.local\/cart\/"},"modified":"2026-02-18T16:45:27","modified_gmt":"2026-02-18T21:45:27","slug":"cart","status":"publish","type":"page","link":"https:\/\/exalumnasensenanza.co\/es_es\/cart\/","title":{"rendered":"Cart"},"content":{"rendered":"<div data-block-name=\"woocommerce\/cart\" class=\"wp-block-woocommerce-cart alignwide is-loading\">\n<div data-block-name=\"woocommerce\/filled-cart-block\" class=\"wp-block-woocommerce-filled-cart-block\">\n<div data-block-name=\"woocommerce\/cart-items-block\" class=\"wp-block-woocommerce-cart-items-block\">\n<div data-block-name=\"woocommerce\/cart-line-items-block\" class=\"wp-block-woocommerce-cart-line-items-block\"><\/div>\n\n\n<\/div>\n\n\n\n\n<div data-block-name=\"woocommerce\/cart-totals-block\" class=\"wp-block-woocommerce-cart-totals-block\">\n<div data-block-name=\"woocommerce\/cart-order-summary-block\" class=\"wp-block-woocommerce-cart-order-summary-block\">\n<div data-block-name=\"woocommerce\/cart-order-summary-heading-block\" class=\"wp-block-woocommerce-cart-order-summary-heading-block\"><\/div><div data-block-name=\"woocommerce\/cart-order-summary-coupon-form-block\" class=\"wp-block-woocommerce-cart-order-summary-coupon-form-block\"><\/div><div data-block-name=\"woocommerce\/cart-order-summary-totals-block\" class=\"wp-block-woocommerce-cart-order-summary-totals-block\">\n<div data-block-name=\"woocommerce\/cart-order-summary-subtotal-block\" class=\"wp-block-woocommerce-cart-order-summary-subtotal-block\"><\/div>\n<div data-block-name=\"woocommerce\/cart-order-summary-discount-block\" class=\"wp-block-woocommerce-cart-order-summary-discount-block\"><\/div>\n<div data-block-name=\"woocommerce\/cart-order-summary-fee-block\" class=\"wp-block-woocommerce-cart-order-summary-fee-block\"><\/div>\n<div data-block-name=\"woocommerce\/cart-order-summary-shipping-block\" class=\"wp-block-woocommerce-cart-order-summary-shipping-block\"><\/div>\n<div data-block-name=\"woocommerce\/cart-order-summary-taxes-block\" class=\"wp-block-woocommerce-cart-order-summary-taxes-block\"><\/div><\/div>\n<\/div>\n\n\n\n<div data-block-name=\"woocommerce\/cart-express-payment-block\" class=\"wp-block-woocommerce-cart-express-payment-block\"><\/div>\n\n\n\n<div data-block-name=\"woocommerce\/proceed-to-checkout-block\" class=\"wp-block-woocommerce-proceed-to-checkout-block\"><\/div>\n\n\n\n<div data-block-name=\"woocommerce\/cart-accepted-payment-methods-block\" class=\"wp-block-woocommerce-cart-accepted-payment-methods-block\"><\/div>\n<\/div>\n<\/div>\n\n\n\n<div data-block-name=\"woocommerce\/empty-cart-block\" class=\"wp-block-woocommerce-empty-cart-block\">\n<h2 class=\"wp-block-heading has-text-align-center with-empty-cart-icon wc-block-cart__empty-cart__title\">Your cart is currently empty!<\/h2>\n\n\n\n<hr class=\"wp-block-separator has-alpha-channel-opacity is-style-dots\"\/>\n\n\n\n<h2 class=\"wp-block-heading has-text-align-center\">New in store<\/h2>\n\n\n<div data-block-name=\"woocommerce\/product-new\" data-columns=\"4\" data-rows=\"1\" class=\"wc-block-grid wp-block-product-new wp-block-woocommerce-product-new wc-block-product-new has-4-columns\"><ul class=\"wc-block-grid__products\"><li class=\"wc-block-grid__product\">\n\t\t\t\t<a href=\"https:\/\/exalumnasensenanza.co\/es_es\/producto\/everyday-backpack\/\" class=\"wc-block-grid__product-link\">\n\t\t\t\t\t\n\t\t\t\t\t<div class=\"wc-block-grid__product-image\"><img data-opt-id=1760062051  fetchpriority=\"high\" decoding=\"async\" width=\"300\" height=\"300\" src=\"https:\/\/mlzbo0w8r27k.i.optimole.com\/w:300\/h:300\/q:mauto\/rt:fill\/g:ce\/f:best\/https:\/\/exalumnasensenanza.co\/wp-content\/uploads\/woocommerce-placeholder.webp\" class=\"woocommerce-placeholder wp-post-image\" alt=\"\" srcset=\"https:\/\/mlzbo0w8r27k.i.optimole.com\/w:300\/h:300\/q:mauto\/rt:fill\/g:ce\/f:best\/https:\/\/exalumnasensenanza.co\/wp-content\/uploads\/woocommerce-placeholder.webp 300w, https:\/\/mlzbo0w8r27k.i.optimole.com\/w:100\/h:100\/q:mauto\/rt:fill\/g:ce\/f:best\/dpr:2\/https:\/\/exalumnasensenanza.co\/wp-content\/uploads\/woocommerce-placeholder.webp 100w, https:\/\/mlzbo0w8r27k.i.optimole.com\/w:600\/h:600\/q:mauto\/rt:fill\/g:ce\/f:best\/https:\/\/exalumnasensenanza.co\/wp-content\/uploads\/woocommerce-placeholder.webp 600w, https:\/\/mlzbo0w8r27k.i.optimole.com\/w:1024\/h:1024\/q:mauto\/rt:fill\/g:ce\/f:best\/https:\/\/exalumnasensenanza.co\/wp-content\/uploads\/woocommerce-placeholder.webp 1024w, https:\/\/mlzbo0w8r27k.i.optimole.com\/w:150\/h:150\/q:mauto\/rt:fill\/g:ce\/f:best\/https:\/\/exalumnasensenanza.co\/wp-content\/uploads\/woocommerce-placeholder.webp 150w, https:\/\/mlzbo0w8r27k.i.optimole.com\/w:768\/h:768\/q:mauto\/rt:fill\/g:ce\/f:best\/https:\/\/exalumnasensenanza.co\/wp-content\/uploads\/woocommerce-placeholder.webp 768w, https:\/\/mlzbo0w8r27k.i.optimole.com\/w:350\/h:350\/q:mauto\/rt:fill\/g:ce\/f:best\/https:\/\/exalumnasensenanza.co\/wp-content\/uploads\/woocommerce-placeholder.webp 350w, https:\/\/mlzbo0w8r27k.i.optimole.com\/w:348\/h:348\/q:mauto\/rt:fill\/g:ce\/f:best\/https:\/\/exalumnasensenanza.co\/wp-content\/uploads\/woocommerce-placeholder.webp 348w, https:\/\/mlzbo0w8r27k.i.optimole.com\/w:720\/h:720\/q:mauto\/rt:fill\/g:ce\/f:best\/https:\/\/exalumnasensenanza.co\/wp-content\/uploads\/woocommerce-placeholder.webp 720w, https:\/\/mlzbo0w8r27k.i.optimole.com\/w:1200\/h:1200\/q:mauto\/rt:fill\/g:ce\/f:best\/https:\/\/exalumnasensenanza.co\/wp-content\/uploads\/woocommerce-placeholder.webp 1200w\" sizes=\"(max-width: 300px) 100vw, 300px\" \/><\/div>\n\t\t\t\t\t<div class=\"wc-block-grid__product-title\">Everyday Backpack<\/div>\n\t\t\t\t<\/a>\n\t\t\t\t<div class=\"wc-block-grid__product-price price\"><ins class=\"h3\"><span class=\"woocommerce-Price-amount amount\"><span class=\"woocommerce-Price-currencySymbol\">&#036;<\/span>125.00<\/span><\/ins><\/div>\n\t\t\t\t<div class=\"wc-block-grid__product-rating\"><div class=\"star-rating\" role=\"img\" aria-label=\"Valorado con 5.00 de 5\" data-no-translation-aria-label=\"\"><span style=\"width:100%\" data-no-translation=\"\" data-trp-gettext=\"\">Valorado con <strong class=\"rating\">5.00<\/strong> de 5 en base a <span class=\"rating\">1<\/span> valoraci\u00f3n de un cliente<\/span><\/div><\/div>\n\t\t\t\t<div class=\"wp-block-button wc-block-grid__product-add-to-cart\"><a href=\"https:\/\/exalumnasensenanza.co\/es_es\/producto\/everyday-backpack\/\" aria-label=\"Elige las opciones para \u201cEveryday Backpack\u201d\" data-quantity=\"1\" data-product_id=\"111497\" data-product_sku=\"9876491\" data-price=\"125\" rel=\"nofollow\" class=\"wp-block-button__link  add_to_cart_button\" data-no-translation=\"\" data-trp-gettext=\"\" data-no-translation-aria-label=\"\">Seleccionar opciones<\/a><\/div>\n\t\t\t<\/li><li class=\"wc-block-grid__product\">\n\t\t\t\t<a href=\"https:\/\/exalumnasensenanza.co\/es_es\/producto\/spectrum-x-200t\/\" class=\"wc-block-grid__product-link\">\n\t\t\t\t\t\n\t\t\t\t\t<div class=\"wc-block-grid__product-image\"><img data-opt-id=1760062051  fetchpriority=\"high\" decoding=\"async\" width=\"300\" height=\"300\" src=\"https:\/\/mlzbo0w8r27k.i.optimole.com\/w:300\/h:300\/q:mauto\/rt:fill\/g:ce\/f:best\/https:\/\/exalumnasensenanza.co\/wp-content\/uploads\/woocommerce-placeholder.webp\" class=\"woocommerce-placeholder wp-post-image\" alt=\"\" srcset=\"https:\/\/mlzbo0w8r27k.i.optimole.com\/w:300\/h:300\/q:mauto\/rt:fill\/g:ce\/f:best\/https:\/\/exalumnasensenanza.co\/wp-content\/uploads\/woocommerce-placeholder.webp 300w, https:\/\/mlzbo0w8r27k.i.optimole.com\/w:100\/h:100\/q:mauto\/rt:fill\/g:ce\/f:best\/dpr:2\/https:\/\/exalumnasensenanza.co\/wp-content\/uploads\/woocommerce-placeholder.webp 100w, https:\/\/mlzbo0w8r27k.i.optimole.com\/w:600\/h:600\/q:mauto\/rt:fill\/g:ce\/f:best\/https:\/\/exalumnasensenanza.co\/wp-content\/uploads\/woocommerce-placeholder.webp 600w, https:\/\/mlzbo0w8r27k.i.optimole.com\/w:1024\/h:1024\/q:mauto\/rt:fill\/g:ce\/f:best\/https:\/\/exalumnasensenanza.co\/wp-content\/uploads\/woocommerce-placeholder.webp 1024w, https:\/\/mlzbo0w8r27k.i.optimole.com\/w:150\/h:150\/q:mauto\/rt:fill\/g:ce\/f:best\/https:\/\/exalumnasensenanza.co\/wp-content\/uploads\/woocommerce-placeholder.webp 150w, https:\/\/mlzbo0w8r27k.i.optimole.com\/w:768\/h:768\/q:mauto\/rt:fill\/g:ce\/f:best\/https:\/\/exalumnasensenanza.co\/wp-content\/uploads\/woocommerce-placeholder.webp 768w, https:\/\/mlzbo0w8r27k.i.optimole.com\/w:350\/h:350\/q:mauto\/rt:fill\/g:ce\/f:best\/https:\/\/exalumnasensenanza.co\/wp-content\/uploads\/woocommerce-placeholder.webp 350w, https:\/\/mlzbo0w8r27k.i.optimole.com\/w:348\/h:348\/q:mauto\/rt:fill\/g:ce\/f:best\/https:\/\/exalumnasensenanza.co\/wp-content\/uploads\/woocommerce-placeholder.webp 348w, https:\/\/mlzbo0w8r27k.i.optimole.com\/w:720\/h:720\/q:mauto\/rt:fill\/g:ce\/f:best\/https:\/\/exalumnasensenanza.co\/wp-content\/uploads\/woocommerce-placeholder.webp 720w, https:\/\/mlzbo0w8r27k.i.optimole.com\/w:1200\/h:1200\/q:mauto\/rt:fill\/g:ce\/f:best\/https:\/\/exalumnasensenanza.co\/wp-content\/uploads\/woocommerce-placeholder.webp 1200w\" sizes=\"(max-width: 300px) 100vw, 300px\" \/><\/div>\n\t\t\t\t\t<div class=\"wc-block-grid__product-title\">Spectrum X-200T<\/div>\n\t\t\t\t<\/a>\n\t\t\t\t<div class=\"wc-block-grid__product-price price\"><ins class=\"h3\"><span class=\"woocommerce-Price-amount amount\"><span class=\"woocommerce-Price-currencySymbol\">&#036;<\/span>1,400.00<\/span><\/ins><\/div>\n\t\t\t\t<div class=\"wc-block-grid__product-rating\"><div class=\"star-rating\" role=\"img\" aria-label=\"Valorado con 5.00 de 5\" data-no-translation-aria-label=\"\"><span style=\"width:100%\" data-no-translation=\"\" data-trp-gettext=\"\">Valorado con <strong class=\"rating\">5.00<\/strong> de 5 en base a <span class=\"rating\">1<\/span> valoraci\u00f3n de un cliente<\/span><\/div><\/div>\n\t\t\t\t<div class=\"wp-block-button wc-block-grid__product-add-to-cart\"><a href=\"https:\/\/exalumnasensenanza.co\/es_es\/producto\/spectrum-x-200t\/\" aria-label=\"Elige las opciones para \u201cSpectrum X-200T\u201d\" data-quantity=\"1\" data-product_id=\"111476\" data-product_sku=\"9876493\" data-price=\"1400\" rel=\"nofollow\" class=\"wp-block-button__link  add_to_cart_button\" data-no-translation=\"\" data-trp-gettext=\"\" data-no-translation-aria-label=\"\">Seleccionar opciones<\/a><\/div>\n\t\t\t<\/li><li class=\"wc-block-grid__product\">\n\t\t\t\t<a href=\"https:\/\/exalumnasensenanza.co\/es_es\/producto\/integra-trident\/\" class=\"wc-block-grid__product-link\">\n\t\t\t\t\t\n\t\t\t\t\t<div class=\"wc-block-grid__product-image\"><img data-opt-id=1760062051  fetchpriority=\"high\" decoding=\"async\" width=\"300\" height=\"300\" src=\"https:\/\/mlzbo0w8r27k.i.optimole.com\/w:300\/h:300\/q:mauto\/rt:fill\/g:ce\/f:best\/https:\/\/exalumnasensenanza.co\/wp-content\/uploads\/woocommerce-placeholder.webp\" class=\"woocommerce-placeholder wp-post-image\" alt=\"\" srcset=\"https:\/\/mlzbo0w8r27k.i.optimole.com\/w:300\/h:300\/q:mauto\/rt:fill\/g:ce\/f:best\/https:\/\/exalumnasensenanza.co\/wp-content\/uploads\/woocommerce-placeholder.webp 300w, https:\/\/mlzbo0w8r27k.i.optimole.com\/w:100\/h:100\/q:mauto\/rt:fill\/g:ce\/f:best\/dpr:2\/https:\/\/exalumnasensenanza.co\/wp-content\/uploads\/woocommerce-placeholder.webp 100w, https:\/\/mlzbo0w8r27k.i.optimole.com\/w:600\/h:600\/q:mauto\/rt:fill\/g:ce\/f:best\/https:\/\/exalumnasensenanza.co\/wp-content\/uploads\/woocommerce-placeholder.webp 600w, https:\/\/mlzbo0w8r27k.i.optimole.com\/w:1024\/h:1024\/q:mauto\/rt:fill\/g:ce\/f:best\/https:\/\/exalumnasensenanza.co\/wp-content\/uploads\/woocommerce-placeholder.webp 1024w, https:\/\/mlzbo0w8r27k.i.optimole.com\/w:150\/h:150\/q:mauto\/rt:fill\/g:ce\/f:best\/https:\/\/exalumnasensenanza.co\/wp-content\/uploads\/woocommerce-placeholder.webp 150w, https:\/\/mlzbo0w8r27k.i.optimole.com\/w:768\/h:768\/q:mauto\/rt:fill\/g:ce\/f:best\/https:\/\/exalumnasensenanza.co\/wp-content\/uploads\/woocommerce-placeholder.webp 768w, https:\/\/mlzbo0w8r27k.i.optimole.com\/w:350\/h:350\/q:mauto\/rt:fill\/g:ce\/f:best\/https:\/\/exalumnasensenanza.co\/wp-content\/uploads\/woocommerce-placeholder.webp 350w, https:\/\/mlzbo0w8r27k.i.optimole.com\/w:348\/h:348\/q:mauto\/rt:fill\/g:ce\/f:best\/https:\/\/exalumnasensenanza.co\/wp-content\/uploads\/woocommerce-placeholder.webp 348w, https:\/\/mlzbo0w8r27k.i.optimole.com\/w:720\/h:720\/q:mauto\/rt:fill\/g:ce\/f:best\/https:\/\/exalumnasensenanza.co\/wp-content\/uploads\/woocommerce-placeholder.webp 720w, https:\/\/mlzbo0w8r27k.i.optimole.com\/w:1200\/h:1200\/q:mauto\/rt:fill\/g:ce\/f:best\/https:\/\/exalumnasensenanza.co\/wp-content\/uploads\/woocommerce-placeholder.webp 1200w\" sizes=\"(max-width: 300px) 100vw, 300px\" \/><\/div>\n\t\t\t\t\t<div class=\"wc-block-grid__product-title\">Integra Trident<\/div>\n\t\t\t\t<\/a>\n\t\t\t\t<div class=\"wc-block-grid__product-price price\"><ins class=\"h3\"><span class=\"woocommerce-Price-amount amount\"><span class=\"woocommerce-Price-currencySymbol\">&#036;<\/span>950.00<\/span><\/ins><\/div>\n\t\t\t\t<div class=\"wc-block-grid__product-rating\"><div class=\"star-rating\" role=\"img\" aria-label=\"Valorado con 4.00 de 5\" data-no-translation-aria-label=\"\"><span style=\"width:80%\" data-no-translation=\"\" data-trp-gettext=\"\">Valorado con <strong class=\"rating\">4.00<\/strong> de 5 en base a <span class=\"rating\">1<\/span> valoraci\u00f3n de un cliente<\/span><\/div><\/div>\n\t\t\t\t<div class=\"wp-block-button wc-block-grid__product-add-to-cart\"><a href=\"https:\/\/exalumnasensenanza.co\/es_es\/producto\/integra-trident\/\" aria-label=\"Elige las opciones para \u201cIntegra Trident\u201d\" data-quantity=\"1\" data-product_id=\"111487\" data-product_sku=\"9876492\" data-price=\"950\" rel=\"nofollow\" class=\"wp-block-button__link  add_to_cart_button\" data-no-translation=\"\" data-trp-gettext=\"\" data-no-translation-aria-label=\"\">Seleccionar opciones<\/a><\/div>\n\t\t\t<\/li><li class=\"wc-block-grid__product\">\n\t\t\t\t<a href=\"https:\/\/exalumnasensenanza.co\/es_es\/producto\/traverse-winner\/\" class=\"wc-block-grid__product-link\">\n\t\t\t\t\t\n\t\t\t\t\t<div class=\"wc-block-grid__product-image\"><img data-opt-id=1760062051  fetchpriority=\"high\" decoding=\"async\" width=\"300\" height=\"300\" src=\"https:\/\/mlzbo0w8r27k.i.optimole.com\/w:300\/h:300\/q:mauto\/rt:fill\/g:ce\/f:best\/https:\/\/exalumnasensenanza.co\/wp-content\/uploads\/woocommerce-placeholder.webp\" class=\"woocommerce-placeholder wp-post-image\" alt=\"\" srcset=\"https:\/\/mlzbo0w8r27k.i.optimole.com\/w:300\/h:300\/q:mauto\/rt:fill\/g:ce\/f:best\/https:\/\/exalumnasensenanza.co\/wp-content\/uploads\/woocommerce-placeholder.webp 300w, https:\/\/mlzbo0w8r27k.i.optimole.com\/w:100\/h:100\/q:mauto\/rt:fill\/g:ce\/f:best\/dpr:2\/https:\/\/exalumnasensenanza.co\/wp-content\/uploads\/woocommerce-placeholder.webp 100w, https:\/\/mlzbo0w8r27k.i.optimole.com\/w:600\/h:600\/q:mauto\/rt:fill\/g:ce\/f:best\/https:\/\/exalumnasensenanza.co\/wp-content\/uploads\/woocommerce-placeholder.webp 600w, https:\/\/mlzbo0w8r27k.i.optimole.com\/w:1024\/h:1024\/q:mauto\/rt:fill\/g:ce\/f:best\/https:\/\/exalumnasensenanza.co\/wp-content\/uploads\/woocommerce-placeholder.webp 1024w, https:\/\/mlzbo0w8r27k.i.optimole.com\/w:150\/h:150\/q:mauto\/rt:fill\/g:ce\/f:best\/https:\/\/exalumnasensenanza.co\/wp-content\/uploads\/woocommerce-placeholder.webp 150w, https:\/\/mlzbo0w8r27k.i.optimole.com\/w:768\/h:768\/q:mauto\/rt:fill\/g:ce\/f:best\/https:\/\/exalumnasensenanza.co\/wp-content\/uploads\/woocommerce-placeholder.webp 768w, https:\/\/mlzbo0w8r27k.i.optimole.com\/w:350\/h:350\/q:mauto\/rt:fill\/g:ce\/f:best\/https:\/\/exalumnasensenanza.co\/wp-content\/uploads\/woocommerce-placeholder.webp 350w, https:\/\/mlzbo0w8r27k.i.optimole.com\/w:348\/h:348\/q:mauto\/rt:fill\/g:ce\/f:best\/https:\/\/exalumnasensenanza.co\/wp-content\/uploads\/woocommerce-placeholder.webp 348w, https:\/\/mlzbo0w8r27k.i.optimole.com\/w:720\/h:720\/q:mauto\/rt:fill\/g:ce\/f:best\/https:\/\/exalumnasensenanza.co\/wp-content\/uploads\/woocommerce-placeholder.webp 720w, https:\/\/mlzbo0w8r27k.i.optimole.com\/w:1200\/h:1200\/q:mauto\/rt:fill\/g:ce\/f:best\/https:\/\/exalumnasensenanza.co\/wp-content\/uploads\/woocommerce-placeholder.webp 1200w\" sizes=\"(max-width: 300px) 100vw, 300px\" \/><\/div>\n\t\t\t\t\t<div class=\"wc-block-grid__product-title\">Traverse Winner<\/div>\n\t\t\t\t<\/a>\n\t\t\t\t<div class=\"wc-block-grid__product-price price\"><ins class=\"h3\"><span class=\"woocommerce-Price-amount amount\"><span class=\"woocommerce-Price-currencySymbol\">&#036;<\/span>175.00<\/span><\/ins><\/div>\n\t\t\t\t<div class=\"wc-block-grid__product-rating\"><div class=\"star-rating\" role=\"img\" aria-label=\"Valorado con 4.00 de 5\" data-no-translation-aria-label=\"\"><span style=\"width:80%\" data-no-translation=\"\" data-trp-gettext=\"\">Valorado con <strong class=\"rating\">4.00<\/strong> de 5 en base a <span class=\"rating\">1<\/span> valoraci\u00f3n de un cliente<\/span><\/div><\/div>\n\t\t\t\t<div class=\"wp-block-button wc-block-grid__product-add-to-cart\"><a href=\"https:\/\/exalumnasensenanza.co\/es_es\/producto\/traverse-winner\/\" aria-label=\"Elige las opciones para \u201cTraverse Winner\u201d\" data-quantity=\"1\" data-product_id=\"111447\" data-product_sku=\"9876494\" data-price=\"185\" rel=\"nofollow\" class=\"wp-block-button__link  add_to_cart_button\" data-no-translation=\"\" data-trp-gettext=\"\" data-no-translation-aria-label=\"\">Seleccionar opciones<\/a><\/div>\n\t\t\t<\/li><\/ul><\/div><\/div>\n<\/div>","protected":false},"excerpt":{"rendered":"You may be interested in&hellip; Your cart is currently empty! New in store","protected":false},"author":2,"featured_media":0,"parent":0,"menu_order":0,"comment_status":"closed","ping_status":"closed","template":"","meta":{"_joinchat":[],"footnotes":""},"class_list":["post-11","page","type-page","status-publish","hentry"],"yoast_head":"<!-- This site is optimized with the Yoast SEO plugin v27.3 - https:\/\/yoast.com\/product\/yoast-seo-wordpress\/ -->\n<title>Cart - Asociaci\u00f3n de Exalumnas La Ense\u00f1anza<\/title>\n<meta name=\"robots\" content=\"index, follow, max-snippet:-1, max-image-preview:large, max-video-preview:-1\" \/>\n<link rel=\"canonical\" href=\"https:\/\/exalumnasensenanza.co\/es_es\/cart\/\" \/>\n<meta property=\"og:locale\" content=\"es_ES\" \/>\n<meta property=\"og:type\" content=\"article\" \/>\n<meta property=\"og:title\" content=\"Cart - Asociaci\u00f3n de Exalumnas La Ense\u00f1anza\" \/>\n<meta property=\"og:url\" content=\"https:\/\/exalumnasensenanza.co\/es_es\/cart\/\" \/>\n<meta property=\"og:site_name\" content=\"Asociaci\u00f3n de Exalumnas La Ense\u00f1anza\" \/>\n<meta property=\"article:publisher\" content=\"https:\/\/www.facebook.com\/exalumnaslaensenanza\" \/>\n<meta property=\"article:modified_time\" content=\"2026-02-18T21:45:27+00:00\" \/>\n<meta name=\"twitter:card\" content=\"summary_large_image\" \/>\n<script type=\"application\/ld+json\" class=\"yoast-schema-graph\">{\"@context\":\"https:\\\/\\\/schema.org\",\"@graph\":[{\"@type\":\"WebPage\",\"@id\":\"https:\\\/\\\/exalumnasensenanza.co\\\/cart\\\/\",\"url\":\"https:\\\/\\\/exalumnasensenanza.co\\\/cart\\\/\",\"name\":\"Cart - Asociaci\u00f3n de Exalumnas La Ense\u00f1anza\",\"isPartOf\":{\"@id\":\"https:\\\/\\\/exalumnasensenanza.co\\\/#website\"},\"datePublished\":\"2026-01-16T17:26:40+00:00\",\"dateModified\":\"2026-02-18T21:45:27+00:00\",\"breadcrumb\":{\"@id\":\"https:\\\/\\\/exalumnasensenanza.co\\\/cart\\\/#breadcrumb\"},\"inLanguage\":\"es\",\"potentialAction\":[{\"@type\":\"ReadAction\",\"target\":[\"https:\\\/\\\/exalumnasensenanza.co\\\/cart\\\/\"]}]},{\"@type\":\"BreadcrumbList\",\"@id\":\"https:\\\/\\\/exalumnasensenanza.co\\\/cart\\\/#breadcrumb\",\"itemListElement\":[{\"@type\":\"ListItem\",\"position\":1,\"name\":\"Home\",\"item\":\"https:\\\/\\\/exalumnasensenanza.co\\\/\"},{\"@type\":\"ListItem\",\"position\":2,\"name\":\"Cart\"}]},{\"@type\":\"WebSite\",\"@id\":\"https:\\\/\\\/exalumnasensenanza.co\\\/#website\",\"url\":\"https:\\\/\\\/exalumnasensenanza.co\\\/\",\"name\":\"Asociaci\u00f3n de Exalumnas La Ense\u00f1anza\",\"description\":\"Tender la Mano para Cuidar y Servir\",\"publisher\":{\"@id\":\"https:\\\/\\\/exalumnasensenanza.co\\\/#organization\"},\"potentialAction\":[{\"@type\":\"SearchAction\",\"target\":{\"@type\":\"EntryPoint\",\"urlTemplate\":\"https:\\\/\\\/exalumnasensenanza.co\\\/?s={search_term_string}\"},\"query-input\":{\"@type\":\"PropertyValueSpecification\",\"valueRequired\":true,\"valueName\":\"search_term_string\"}}],\"inLanguage\":\"es\"},{\"@type\":\"Organization\",\"@id\":\"https:\\\/\\\/exalumnasensenanza.co\\\/#organization\",\"name\":\"Asociaci\u00f3n de Exalumnas La Ense\u00f1anza\",\"alternateName\":\"Exalumnas La Ense\u00f1anza\",\"url\":\"https:\\\/\\\/exalumnasensenanza.co\\\/\",\"logo\":{\"@type\":\"ImageObject\",\"inLanguage\":\"es\",\"@id\":\"https:\\\/\\\/exalumnasensenanza.co\\\/#\\\/schema\\\/logo\\\/image\\\/\",\"url\":\"https:\\/\\/exalumnasensenanza.co\\/wp-content\\/uploads\\/2026\\/02\\/LOGO-FAVICON-ELE-WEB.png\",\"contentUrl\":\"https:\\/\\/exalumnasensenanza.co\\/wp-content\\/uploads\\/2026\\/02\\/LOGO-FAVICON-ELE-WEB.png\",\"width\":512,\"height\":512,\"caption\":\"Asociaci\u00f3n de Exalumnas La Ense\u00f1anza\"},\"image\":{\"@id\":\"https:\\\/\\\/exalumnasensenanza.co\\\/#\\\/schema\\\/logo\\\/image\\\/\"},\"sameAs\":[\"https:\\\/\\\/www.facebook.com\\\/exalumnaslaensenanza\",\"https:\\\/\\\/www.instagram.com\\\/exalumnaslaensenanza\\\/\",\"https:\\\/\\\/www.youtube.com\\\/@ExalumnasLaEnsenanza\",\"https:\\\/\\\/open.spotify.com\\\/show\\\/2fVy0odrwHydzK8LqIALy9?si=df23a63a7d1844cb\"]}]}<\/script>\n<!-- \/ Yoast SEO plugin. -->","yoast_head_json":{"title":"Cart - Asociaci\u00f3n de Exalumnas La Ense\u00f1anza","robots":{"index":"index","follow":"follow","max-snippet":"max-snippet:-1","max-image-preview":"max-image-preview:large","max-video-preview":"max-video-preview:-1"},"canonical":"https:\/\/exalumnasensenanza.co\/es_es\/cart\/","og_locale":"es_ES","og_type":"article","og_title":"Cart - Asociaci\u00f3n de Exalumnas La Ense\u00f1anza","og_url":"https:\/\/exalumnasensenanza.co\/es_es\/cart\/","og_site_name":"Asociaci\u00f3n de Exalumnas La Ense\u00f1anza","article_publisher":"https:\/\/www.facebook.com\/exalumnaslaensenanza","article_modified_time":"2026-02-18T21:45:27+00:00","twitter_card":"summary_large_image","schema":{"@context":"https:\/\/schema.org","@graph":[{"@type":"WebPage","@id":"https:\/\/exalumnasensenanza.co\/cart\/","url":"https:\/\/exalumnasensenanza.co\/cart\/","name":"Cart - Asociaci\u00f3n de Exalumnas La Ense\u00f1anza","isPartOf":{"@id":"https:\/\/exalumnasensenanza.co\/#website"},"datePublished":"2026-01-16T17:26:40+00:00","dateModified":"2026-02-18T21:45:27+00:00","breadcrumb":{"@id":"https:\/\/exalumnasensenanza.co\/cart\/#breadcrumb"},"inLanguage":"es","potentialAction":[{"@type":"ReadAction","target":["https:\/\/exalumnasensenanza.co\/cart\/"]}]},{"@type":"BreadcrumbList","@id":"https:\/\/exalumnasensenanza.co\/cart\/#breadcrumb","itemListElement":[{"@type":"ListItem","position":1,"name":"Home","item":"https:\/\/exalumnasensenanza.co\/"},{"@type":"ListItem","position":2,"name":"Cart"}]},{"@type":"WebSite","@id":"https:\/\/exalumnasensenanza.co\/#website","url":"https:\/\/exalumnasensenanza.co\/","name":"Asociaci\u00f3n de Exalumnas La Ense\u00f1anza","description":"Tender la Mano para Cuidar y Servir","publisher":{"@id":"https:\/\/exalumnasensenanza.co\/#organization"},"potentialAction":[{"@type":"SearchAction","target":{"@type":"EntryPoint","urlTemplate":"https:\/\/exalumnasensenanza.co\/?s={search_term_string}"},"query-input":{"@type":"PropertyValueSpecification","valueRequired":true,"valueName":"search_term_string"}}],"inLanguage":"es"},{"@type":"Organization","@id":"https:\/\/exalumnasensenanza.co\/#organization","name":"Asociaci\u00f3n de Exalumnas La Ense\u00f1anza","alternateName":"Exalumnas La Ense\u00f1anza","url":"https:\/\/exalumnasensenanza.co\/","logo":{"@type":"ImageObject","inLanguage":"es","@id":"https:\/\/exalumnasensenanza.co\/#\/schema\/logo\/image\/","url":"https:\/\/mlzbo0w8r27k.i.optimole.com\/w:auto\/h:auto\/q:mauto\/f:best\/https:\/\/exalumnasensenanza.co\/wp-content\/uploads\/2026\/02\/LOGO-FAVICON-ELE-WEB.png","contentUrl":"https:\/\/mlzbo0w8r27k.i.optimole.com\/w:auto\/h:auto\/q:mauto\/f:best\/https:\/\/exalumnasensenanza.co\/wp-content\/uploads\/2026\/02\/LOGO-FAVICON-ELE-WEB.png","width":512,"height":512,"caption":"Asociaci\u00f3n de Exalumnas La Ense\u00f1anza"},"image":{"@id":"https:\/\/exalumnasensenanza.co\/#\/schema\/logo\/image\/"},"sameAs":["https:\/\/www.facebook.com\/exalumnaslaensenanza","https:\/\/www.instagram.com\/exalumnaslaensenanza\/","https:\/\/www.youtube.com\/@ExalumnasLaEnsenanza","https:\/\/open.spotify.com\/show\/2fVy0odrwHydzK8LqIALy9?si=df23a63a7d1844cb"]}]}},"_links":{"self":[{"href":"https:\/\/exalumnasensenanza.co\/es_es\/wp-json\/wp\/v2\/pages\/11","targetHints":{"allow":["GET"]}}],"collection":[{"href":"https:\/\/exalumnasensenanza.co\/es_es\/wp-json\/wp\/v2\/pages"}],"about":[{"href":"https:\/\/exalumnasensenanza.co\/es_es\/wp-json\/wp\/v2\/types\/page"}],"author":[{"embeddable":true,"href":"https:\/\/exalumnasensenanza.co\/es_es\/wp-json\/wp\/v2\/users\/2"}],"replies":[{"embeddable":true,"href":"https:\/\/exalumnasensenanza.co\/es_es\/wp-json\/wp\/v2\/comments?post=11"}],"version-history":[{"count":0,"href":"https:\/\/exalumnasensenanza.co\/es_es\/wp-json\/wp\/v2\/pages\/11\/revisions"}],"wp:attachment":[{"href":"https:\/\/exalumnasensenanza.co\/es_es\/wp-json\/wp\/v2\/media?parent=11"}],"curies":[{"name":"wp","href":"https:\/\/api.w.org\/{rel}","templated":true}]}}